{"id":1800,"date":"2018-02-06T13:41:02","date_gmt":"2018-02-06T10:41:02","guid":{"rendered":"https:\/\/halkidikiyachts.com\/about-us\/"},"modified":"2023-02-09T16:55:40","modified_gmt":"2023-02-09T13:55:40","slug":"about-us","status":"publish","type":"page","link":"https:\/\/halkidikiyachts.com\/de\/about-us\/","title":{"rendered":"\u00dcber uns"},"content":{"rendered":"\t\t<div data-elementor-type=\"wp-page\" data-elementor-id=\"1800\" class=\"elementor elementor-1800 elementor-262\" data-elementor-post-type=\"page\">\n\t\t\t\t\t\t<section class=\"elementor-section elementor-top-section elementor-element elementor-element-1f94aeae elementor-section-boxed elementor-section-height-default elementor-section-height-default\" data-id=\"1f94aeae\" data-element_type=\"section\" data-settings=\"{&quot;background_background&quot;:&quot;classic&quot;}\">\n\t\t\t\t\t\t<div class=\"elementor-container elementor-column-gap-default\">\n\t\t\t\t\t<div class=\"elementor-column elementor-col-100 elementor-top-column elementor-element elementor-element-3baf8d24\" data-id=\"3baf8d24\" data-element_type=\"column\">\n\t\t\t<div class=\"elementor-widget-wrap elementor-element-populated\">\n\t\t\t\t\t\t<div class=\"elementor-element elementor-element-5efd7850 elementor-widget elementor-widget-heading\" data-id=\"5efd7850\" data-element_type=\"widget\" data-widget_type=\"heading.default\">\n\t\t\t\t<div class=\"elementor-widget-container\">\n\t\t\t\t\t<h1 class=\"elementor-heading-title elementor-size-default\">\u00dcber uns<\/h1>\t\t\t\t<\/div>\n\t\t\t\t<\/div>\n\t\t\t\t<div class=\"elementor-element elementor-element-ee16197 elementor-widget-divider--view-line elementor-widget elementor-widget-divider\" data-id=\"ee16197\" data-element_type=\"widget\" data-widget_type=\"divider.default\">\n\t\t\t\t<div class=\"elementor-widget-container\">\n\t\t\t\t\t\t\t<div class=\"elementor-divider\">\n\t\t\t<span class=\"elementor-divider-separator\">\n\t\t\t\t\t\t<\/span>\n\t\t<\/div>\n\t\t\t\t\t\t<\/div>\n\t\t\t\t<\/div>\n\t\t\t\t\t<\/div>\n\t\t<\/div>\n\t\t\t\t\t<\/div>\n\t\t<\/section>\n\t\t\t\t<section class=\"elementor-section elementor-top-section elementor-element elementor-element-4712b844 elementor-section-boxed elementor-section-height-default elementor-section-height-default\" data-id=\"4712b844\" data-element_type=\"section\" data-settings=\"{&quot;background_background&quot;:&quot;classic&quot;}\">\n\t\t\t\t\t\t<div class=\"elementor-container elementor-column-gap-default\">\n\t\t\t\t\t<div class=\"elementor-column elementor-col-100 elementor-top-column elementor-element elementor-element-1f0cdebb\" data-id=\"1f0cdebb\" data-element_type=\"column\">\n\t\t\t<div class=\"elementor-widget-wrap elementor-element-populated\">\n\t\t\t\t\t\t<section class=\"elementor-section elementor-inner-section elementor-element elementor-element-1b98f63 elementor-section-boxed elementor-section-height-default elementor-section-height-default\" data-id=\"1b98f63\" data-element_type=\"section\">\n\t\t\t\t\t\t<div class=\"elementor-container elementor-column-gap-default\">\n\t\t\t\t\t<div class=\"elementor-column elementor-col-50 elementor-inner-column elementor-element elementor-element-5200f036\" data-id=\"5200f036\" data-element_type=\"column\">\n\t\t\t<div class=\"elementor-widget-wrap elementor-element-populated\">\n\t\t\t\t\t\t<div class=\"elementor-element elementor-element-4130651f elementor-widget elementor-widget-heading\" data-id=\"4130651f\" data-element_type=\"widget\" data-widget_type=\"heading.default\">\n\t\t\t\t<div class=\"elementor-widget-container\">\n\t\t\t\t\t<h2 class=\"elementor-heading-title elementor-size-default\">\u00dcber Chalkidiki Yachts<\/h2>\t\t\t\t<\/div>\n\t\t\t\t<\/div>\n\t\t\t\t<div class=\"elementor-element elementor-element-24d6aaa7 elementor-widget-divider--view-line elementor-widget elementor-widget-divider\" data-id=\"24d6aaa7\" data-element_type=\"widget\" data-widget_type=\"divider.default\">\n\t\t\t\t<div class=\"elementor-widget-container\">\n\t\t\t\t\t\t\t<div class=\"elementor-divider\">\n\t\t\t<span class=\"elementor-divider-separator\">\n\t\t\t\t\t\t<\/span>\n\t\t<\/div>\n\t\t\t\t\t\t<\/div>\n\t\t\t\t<\/div>\n\t\t\t\t<div class=\"elementor-element elementor-element-30d90f0b elementor-widget elementor-widget-text-editor\" data-id=\"30d90f0b\" data-element_type=\"widget\" data-widget_type=\"text-editor.default\">\n\t\t\t\t<div class=\"elementor-widget-container\">\n\t\t\t\t\t\t\t\t\t<p>Unser Unternehmen wurde 2017 nach vierj\u00e4hriger Vorbereitung und Marktforschung gegr\u00fcndet.<\/p>\n<p>Mit hohen Standards in Bezug auf die Qualit\u00e4t der erbrachten Dienstleistungen haben wir zu Ihrer absoluten Zufriedenheit ein VIP-Serviceniveau festgelegt.<\/p>\n<p>Unser sehr erfahrenes Personal und unsere sorgf\u00e4ltig ausgew\u00e4hlte Crew sind immer pr\u00e4sent und bereit, unseren Kunden luxuri\u00f6sen Service, Komfort und Sicherheit zu bieten.<\/p>\n\t\t\t\t\t\t\t\t<\/div>\n\t\t\t\t<\/div>\n\t\t\t\t\t<\/div>\n\t\t<\/div>\n\t\t\t\t<div class=\"elementor-column elementor-col-50 elementor-inner-column elementor-element elementor-element-7ba43147\" data-id=\"7ba43147\" data-element_type=\"column\" data-settings=\"{&quot;background_background&quot;:&quot;classic&quot;}\">\n\t\t\t<div class=\"elementor-widget-wrap elementor-element-populated\">\n\t\t\t\t\t\t<div class=\"elementor-element elementor-element-332d670f elementor-widget elementor-widget-spacer\" data-id=\"332d670f\" data-element_type=\"widget\" data-widget_type=\"spacer.default\">\n\t\t\t\t<div class=\"elementor-widget-container\">\n\t\t\t\t\t\t\t<div class=\"elementor-spacer\">\n\t\t\t<div class=\"elementor-spacer-inner\"><\/div>\n\t\t<\/div>\n\t\t\t\t\t\t<\/div>\n\t\t\t\t<\/div>\n\t\t\t\t\t<\/div>\n\t\t<\/div>\n\t\t\t\t\t<\/div>\n\t\t<\/section>\n\t\t\t\t\t<\/div>\n\t\t<\/div>\n\t\t\t\t\t<\/div>\n\t\t<\/section>\n\t\t\t\t<section class=\"elementor-section elementor-top-section elementor-element elementor-element-44a4eb2d elementor-section-boxed elementor-section-height-default elementor-section-height-default\" data-id=\"44a4eb2d\" data-element_type=\"section\">\n\t\t\t\t\t\t<div class=\"elementor-container elementor-column-gap-default\">\n\t\t\t\t\t<div class=\"elementor-column elementor-col-100 elementor-top-column elementor-element elementor-element-4376aa87\" data-id=\"4376aa87\" data-element_type=\"column\">\n\t\t\t<div class=\"elementor-widget-wrap elementor-element-populated\">\n\t\t\t\t\t\t<section class=\"elementor-section elementor-inner-section elementor-element elementor-element-5d62a3ca elementor-reverse-tablet elementor-reverse-mobile elementor-section-boxed elementor-section-height-default elementor-section-height-default\" data-id=\"5d62a3ca\" data-element_type=\"section\">\n\t\t\t\t\t\t<div class=\"elementor-container elementor-column-gap-default\">\n\t\t\t\t\t<div class=\"elementor-column elementor-col-33 elementor-inner-column elementor-element elementor-element-15e1a98b\" data-id=\"15e1a98b\" data-element_type=\"column\" data-settings=\"{&quot;background_background&quot;:&quot;classic&quot;}\">\n\t\t\t<div class=\"elementor-widget-wrap elementor-element-populated\">\n\t\t\t\t\t\t<div class=\"elementor-element elementor-element-50e70a2a elementor-widget elementor-widget-spacer\" data-id=\"50e70a2a\" data-element_type=\"widget\" data-widget_type=\"spacer.default\">\n\t\t\t\t<div class=\"elementor-widget-container\">\n\t\t\t\t\t\t\t<div class=\"elementor-spacer\">\n\t\t\t<div class=\"elementor-spacer-inner\"><\/div>\n\t\t<\/div>\n\t\t\t\t\t\t<\/div>\n\t\t\t\t<\/div>\n\t\t\t\t\t<\/div>\n\t\t<\/div>\n\t\t\t\t<div class=\"elementor-column elementor-col-33 elementor-inner-column elementor-element elementor-element-3749a818\" data-id=\"3749a818\" data-element_type=\"column\">\n\t\t\t<div class=\"elementor-widget-wrap elementor-element-populated\">\n\t\t\t\t\t\t<div class=\"elementor-element elementor-element-5b6fd511 elementor-widget elementor-widget-image\" data-id=\"5b6fd511\" data-element_type=\"widget\" data-widget_type=\"image.default\">\n\t\t\t\t<div class=\"elementor-widget-container\">\n\t\t\t\t\t\t\t\t\t\t\t\t\t\t\t<img decoding=\"async\" src=\"https:\/\/halkidikiyachts.com\/wp-content\/uploads\/sites\/7\/elementor\/thumbs\/Giannis-captain-o2bi0z1l2qdko5rdnp0vui9ngf3f0uchu5d9s3qkzc.jpg\" title=\"Giannis captain\" alt=\"Giannis captain\" loading=\"lazy\" \/>\t\t\t\t\t\t\t\t\t\t\t\t\t\t\t<\/div>\n\t\t\t\t<\/div>\n\t\t\t\t<div class=\"elementor-element elementor-element-5d47e705 elementor-widget elementor-widget-image\" data-id=\"5d47e705\" data-element_type=\"widget\" data-widget_type=\"image.default\">\n\t\t\t\t<div class=\"elementor-widget-container\">\n\t\t\t\t\t\t\t\t\t\t\t\t\t\t\t<img decoding=\"async\" src=\"https:\/\/halkidikiyachts.com\/wp-content\/uploads\/sites\/7\/elementor\/thumbs\/DJI_0277-Large-square-p82asm6zaxsjt7xy5giuqgenh6cfrf333yn2qgtgag.jpg\" title=\"DJI_0277 (Large square)\" alt=\"DJI_0277 (Large square)\" loading=\"lazy\" \/>\t\t\t\t\t\t\t\t\t\t\t\t\t\t\t<\/div>\n\t\t\t\t<\/div>\n\t\t\t\t\t<\/div>\n\t\t<\/div>\n\t\t\t\t<div class=\"elementor-column elementor-col-33 elementor-inner-column elementor-element elementor-element-2feec523\" data-id=\"2feec523\" data-element_type=\"column\">\n\t\t\t<div class=\"elementor-widget-wrap elementor-element-populated\">\n\t\t\t\t\t\t<div class=\"elementor-element elementor-element-4eb84c6b elementor-widget elementor-widget-heading\" data-id=\"4eb84c6b\" data-element_type=\"widget\" data-widget_type=\"heading.default\">\n\t\t\t\t<div class=\"elementor-widget-container\">\n\t\t\t\t\t<h2 class=\"elementor-heading-title elementor-size-default\">Hochwertige Dienstleistungen<\/h2>\t\t\t\t<\/div>\n\t\t\t\t<\/div>\n\t\t\t\t<div class=\"elementor-element elementor-element-39e90476 elementor-widget-divider--view-line elementor-widget elementor-widget-divider\" data-id=\"39e90476\" data-element_type=\"widget\" data-widget_type=\"divider.default\">\n\t\t\t\t<div class=\"elementor-widget-container\">\n\t\t\t\t\t\t\t<div class=\"elementor-divider\">\n\t\t\t<span class=\"elementor-divider-separator\">\n\t\t\t\t\t\t<\/span>\n\t\t<\/div>\n\t\t\t\t\t\t<\/div>\n\t\t\t\t<\/div>\n\t\t\t\t<div class=\"elementor-element elementor-element-337d4a0b elementor-widget elementor-widget-text-editor\" data-id=\"337d4a0b\" data-element_type=\"widget\" data-widget_type=\"text-editor.default\">\n\t\t\t\t<div class=\"elementor-widget-container\">\n\t\t\t\t\t\t\t\t\t<p>Die Flexibilit\u00e4t und Serviceverf\u00fcgbarkeit dieses Unternehmens garantiert, dass Ihr Urlaub auf unseren Luxusyachten auf Chalkidiki unvergesslich wird.<\/p>\n\t\t\t\t\t\t\t\t<\/div>\n\t\t\t\t<\/div>\n\t\t\t\t<div class=\"elementor-element elementor-element-4265e7b elementor-widget elementor-widget-text-editor\" data-id=\"4265e7b\" data-element_type=\"widget\" data-widget_type=\"text-editor.default\">\n\t\t\t\t<div class=\"elementor-widget-container\">\n\t\t\t\t\t\t\t\t\t<p>Ich freue mich, Sie an Bord zu sehen!<\/p>\n<p>Dimitrios Filis<\/p>\n<p>HALKIDIKI-YACHTEN &amp; YACHT-KREUZFAHRTEN IN DER N\u00d6RDLICHEN \u00c4G\u00c4ISCHEN YACHT<\/p>\n\t\t\t\t\t\t\t\t<\/div>\n\t\t\t\t<\/div>\n\t\t\t\t\t<\/div>\n\t\t<\/div>\n\t\t\t\t\t<\/div>\n\t\t<\/section>\n\t\t\t\t\t<\/div>\n\t\t<\/div>\n\t\t\t\t\t<\/div>\n\t\t<\/section>\n\t\t\t\t<\/div>\n\t\t","protected":false},"excerpt":{"rendered":"<p>\u00dcber uns \u00dcber Chalkidiki Yachts Unser Unternehmen wurde 2017 nach vierj\u00e4hriger Vorbereitung und Marktforschung gegr\u00fcndet. Mit hohen Standards in Bezug auf die Qualit\u00e4t der erbrachten Dienstleistungen haben wir zu Ihrer absoluten Zufriedenheit ein VIP-Serviceniveau festgelegt. Unser sehr erfahrenes Personal und unsere sorgf\u00e4ltig ausgew\u00e4hlte Crew sind immer pr\u00e4sent und bereit, unseren Kunden luxuri\u00f6sen Service, Komfort und [&hellip;]<\/p>\n","protected":false},"author":1,"featured_media":0,"parent":0,"menu_order":0,"comment_status":"closed","ping_status":"closed","template":"","meta":{"footnotes":""},"class_list":["post-1800","page","type-page","status-publish","hentry"],"yoast_head":"<!-- This site is optimized with the Yoast SEO Premium plugin v21.6 (Yoast SEO v27.3) - https:\/\/yoast.com\/product\/yoast-seo-premium-wordpress\/ -->\n<title>\u00dcber uns - Halkidiki Yachts<\/title>\n<meta name=\"robots\" content=\"index, follow, max-snippet:-1, max-image-preview:large, max-video-preview:-1\" \/>\n<link rel=\"canonical\" href=\"https:\/\/halkidikiyachts.com\/de\/about-us\/\" \/>\n<meta property=\"og:locale\" content=\"de_DE\" \/>\n<meta property=\"og:type\" content=\"article\" \/>\n<meta property=\"og:title\" content=\"\u00dcber uns\" \/>\n<meta property=\"og:description\" content=\"\u00dcber uns \u00dcber Chalkidiki Yachts Unser Unternehmen wurde 2017 nach vierj\u00e4hriger Vorbereitung und Marktforschung gegr\u00fcndet. Mit hohen Standards in Bezug auf die Qualit\u00e4t der erbrachten Dienstleistungen haben wir zu Ihrer absoluten Zufriedenheit ein VIP-Serviceniveau festgelegt. Unser sehr erfahrenes Personal und unsere sorgf\u00e4ltig ausgew\u00e4hlte Crew sind immer pr\u00e4sent und bereit, unseren Kunden luxuri\u00f6sen Service, Komfort und [&hellip;]\" \/>\n<meta property=\"og:url\" content=\"https:\/\/halkidikiyachts.com\/de\/about-us\/\" \/>\n<meta property=\"og:site_name\" content=\"Halkidiki Yachts\" \/>\n<meta property=\"article:modified_time\" content=\"2023-02-09T13:55:40+00:00\" \/>\n<meta property=\"og:image\" content=\"https:\/\/halkidikiyachts.com\/wp-content\/uploads\/sites\/7\/elementor\/thumbs\/Giannis-captain-o2bi0z1l2qdko5rdnp0vui9ngf3f0uchu5d9s3qkzc.jpg\" \/>\n<meta name=\"twitter:card\" content=\"summary_large_image\" \/>\n<meta name=\"twitter:label1\" content=\"Gesch\u00e4tzte Lesezeit\" \/>\n\t<meta name=\"twitter:data1\" content=\"1\u00a0Minute\" \/>\n<script type=\"application\/ld+json\" class=\"yoast-schema-graph\">{\"@context\":\"https:\\\/\\\/schema.org\",\"@graph\":[{\"@type\":\"WebPage\",\"@id\":\"https:\\\/\\\/halkidikiyachts.com\\\/de\\\/about-us\\\/\",\"url\":\"https:\\\/\\\/halkidikiyachts.com\\\/de\\\/about-us\\\/\",\"name\":\"\u00dcber uns - Halkidiki Yachts\",\"isPartOf\":{\"@id\":\"https:\\\/\\\/halkidikiyachts.com\\\/#website\"},\"primaryImageOfPage\":{\"@id\":\"https:\\\/\\\/halkidikiyachts.com\\\/de\\\/about-us\\\/#primaryimage\"},\"image\":{\"@id\":\"https:\\\/\\\/halkidikiyachts.com\\\/de\\\/about-us\\\/#primaryimage\"},\"thumbnailUrl\":\"https:\\\/\\\/halkidikiyachts.com\\\/wp-content\\\/uploads\\\/sites\\\/7\\\/elementor\\\/thumbs\\\/Giannis-captain-o2bi0z1l2qdko5rdnp0vui9ngf3f0uchu5d9s3qkzc.jpg\",\"datePublished\":\"2018-02-06T10:41:02+00:00\",\"dateModified\":\"2023-02-09T13:55:40+00:00\",\"breadcrumb\":{\"@id\":\"https:\\\/\\\/halkidikiyachts.com\\\/de\\\/about-us\\\/#breadcrumb\"},\"inLanguage\":\"de\",\"potentialAction\":[{\"@type\":\"ReadAction\",\"target\":[\"https:\\\/\\\/halkidikiyachts.com\\\/de\\\/about-us\\\/\"]}]},{\"@type\":\"ImageObject\",\"inLanguage\":\"de\",\"@id\":\"https:\\\/\\\/halkidikiyachts.com\\\/de\\\/about-us\\\/#primaryimage\",\"url\":\"https:\\\/\\\/halkidikiyachts.com\\\/wp-content\\\/uploads\\\/sites\\\/7\\\/elementor\\\/thumbs\\\/Giannis-captain-o2bi0z1l2qdko5rdnp0vui9ngf3f0uchu5d9s3qkzc.jpg\",\"contentUrl\":\"https:\\\/\\\/halkidikiyachts.com\\\/wp-content\\\/uploads\\\/sites\\\/7\\\/elementor\\\/thumbs\\\/Giannis-captain-o2bi0z1l2qdko5rdnp0vui9ngf3f0uchu5d9s3qkzc.jpg\"},{\"@type\":\"BreadcrumbList\",\"@id\":\"https:\\\/\\\/halkidikiyachts.com\\\/de\\\/about-us\\\/#breadcrumb\",\"itemListElement\":[{\"@type\":\"ListItem\",\"position\":1,\"name\":\"Halkidiki Yachts\",\"item\":\"https:\\\/\\\/halkidikiyachts.com\\\/de\\\/rent-luxury-yachts-halkidiki\\\/\"},{\"@type\":\"ListItem\",\"position\":2,\"name\":\"\u00dcber uns\"}]},{\"@type\":\"WebSite\",\"@id\":\"https:\\\/\\\/halkidikiyachts.com\\\/#website\",\"url\":\"https:\\\/\\\/halkidikiyachts.com\\\/\",\"name\":\"Halkidiki Yachts\",\"description\":\"\",\"potentialAction\":[{\"@type\":\"SearchAction\",\"target\":{\"@type\":\"EntryPoint\",\"urlTemplate\":\"https:\\\/\\\/halkidikiyachts.com\\\/?s={search_term_string}\"},\"query-input\":{\"@type\":\"PropertyValueSpecification\",\"valueRequired\":true,\"valueName\":\"search_term_string\"}}],\"inLanguage\":\"de\"}]}<\/script>\n<!-- \/ Yoast SEO Premium plugin. -->","yoast_head_json":{"title":"\u00dcber uns - Halkidiki Yachts","robots":{"index":"index","follow":"follow","max-snippet":"max-snippet:-1","max-image-preview":"max-image-preview:large","max-video-preview":"max-video-preview:-1"},"canonical":"https:\/\/halkidikiyachts.com\/de\/about-us\/","og_locale":"de_DE","og_type":"article","og_title":"\u00dcber uns","og_description":"\u00dcber uns \u00dcber Chalkidiki Yachts Unser Unternehmen wurde 2017 nach vierj\u00e4hriger Vorbereitung und Marktforschung gegr\u00fcndet. Mit hohen Standards in Bezug auf die Qualit\u00e4t der erbrachten Dienstleistungen haben wir zu Ihrer absoluten Zufriedenheit ein VIP-Serviceniveau festgelegt. Unser sehr erfahrenes Personal und unsere sorgf\u00e4ltig ausgew\u00e4hlte Crew sind immer pr\u00e4sent und bereit, unseren Kunden luxuri\u00f6sen Service, Komfort und [&hellip;]","og_url":"https:\/\/halkidikiyachts.com\/de\/about-us\/","og_site_name":"Halkidiki Yachts","article_modified_time":"2023-02-09T13:55:40+00:00","og_image":[{"url":"https:\/\/halkidikiyachts.com\/wp-content\/uploads\/sites\/7\/elementor\/thumbs\/Giannis-captain-o2bi0z1l2qdko5rdnp0vui9ngf3f0uchu5d9s3qkzc.jpg","type":"","width":"","height":""}],"twitter_card":"summary_large_image","twitter_misc":{"Gesch\u00e4tzte Lesezeit":"1\u00a0Minute"},"schema":{"@context":"https:\/\/schema.org","@graph":[{"@type":"WebPage","@id":"https:\/\/halkidikiyachts.com\/de\/about-us\/","url":"https:\/\/halkidikiyachts.com\/de\/about-us\/","name":"\u00dcber uns - Halkidiki Yachts","isPartOf":{"@id":"https:\/\/halkidikiyachts.com\/#website"},"primaryImageOfPage":{"@id":"https:\/\/halkidikiyachts.com\/de\/about-us\/#primaryimage"},"image":{"@id":"https:\/\/halkidikiyachts.com\/de\/about-us\/#primaryimage"},"thumbnailUrl":"https:\/\/halkidikiyachts.com\/wp-content\/uploads\/sites\/7\/elementor\/thumbs\/Giannis-captain-o2bi0z1l2qdko5rdnp0vui9ngf3f0uchu5d9s3qkzc.jpg","datePublished":"2018-02-06T10:41:02+00:00","dateModified":"2023-02-09T13:55:40+00:00","breadcrumb":{"@id":"https:\/\/halkidikiyachts.com\/de\/about-us\/#breadcrumb"},"inLanguage":"de","potentialAction":[{"@type":"ReadAction","target":["https:\/\/halkidikiyachts.com\/de\/about-us\/"]}]},{"@type":"ImageObject","inLanguage":"de","@id":"https:\/\/halkidikiyachts.com\/de\/about-us\/#primaryimage","url":"https:\/\/halkidikiyachts.com\/wp-content\/uploads\/sites\/7\/elementor\/thumbs\/Giannis-captain-o2bi0z1l2qdko5rdnp0vui9ngf3f0uchu5d9s3qkzc.jpg","contentUrl":"https:\/\/halkidikiyachts.com\/wp-content\/uploads\/sites\/7\/elementor\/thumbs\/Giannis-captain-o2bi0z1l2qdko5rdnp0vui9ngf3f0uchu5d9s3qkzc.jpg"},{"@type":"BreadcrumbList","@id":"https:\/\/halkidikiyachts.com\/de\/about-us\/#breadcrumb","itemListElement":[{"@type":"ListItem","position":1,"name":"Halkidiki Yachts","item":"https:\/\/halkidikiyachts.com\/de\/rent-luxury-yachts-halkidiki\/"},{"@type":"ListItem","position":2,"name":"\u00dcber uns"}]},{"@type":"WebSite","@id":"https:\/\/halkidikiyachts.com\/#website","url":"https:\/\/halkidikiyachts.com\/","name":"Halkidiki Yachts","description":"","potentialAction":[{"@type":"SearchAction","target":{"@type":"EntryPoint","urlTemplate":"https:\/\/halkidikiyachts.com\/?s={search_term_string}"},"query-input":{"@type":"PropertyValueSpecification","valueRequired":true,"valueName":"search_term_string"}}],"inLanguage":"de"}]}},"_links":{"self":[{"href":"https:\/\/halkidikiyachts.com\/de\/wp-json\/wp\/v2\/pages\/1800","targetHints":{"allow":["GET"]}}],"collection":[{"href":"https:\/\/halkidikiyachts.com\/de\/wp-json\/wp\/v2\/pages"}],"about":[{"href":"https:\/\/halkidikiyachts.com\/de\/wp-json\/wp\/v2\/types\/page"}],"author":[{"embeddable":true,"href":"https:\/\/halkidikiyachts.com\/de\/wp-json\/wp\/v2\/users\/1"}],"replies":[{"embeddable":true,"href":"https:\/\/halkidikiyachts.com\/de\/wp-json\/wp\/v2\/comments?post=1800"}],"version-history":[{"count":2,"href":"https:\/\/halkidikiyachts.com\/de\/wp-json\/wp\/v2\/pages\/1800\/revisions"}],"predecessor-version":[{"id":2761,"href":"https:\/\/halkidikiyachts.com\/de\/wp-json\/wp\/v2\/pages\/1800\/revisions\/2761"}],"wp:attachment":[{"href":"https:\/\/halkidikiyachts.com\/de\/wp-json\/wp\/v2\/media?parent=1800"}],"curies":[{"name":"wp","href":"https:\/\/api.w.org\/{rel}","templated":true}]}}