{"id":1796,"date":"2018-04-19T15:58:38","date_gmt":"2018-04-19T12:58:38","guid":{"rendered":"https:\/\/halkidikiyachts.com\/how-to-reach-us\/"},"modified":"2021-10-07T02:10:49","modified_gmt":"2021-10-06T23:10:49","slug":"how-to-reach-us","status":"publish","type":"page","link":"https:\/\/halkidikiyachts.com\/de\/how-to-reach-us\/","title":{"rendered":"So erreichen Sie uns"},"content":{"rendered":"\t\t<div data-elementor-type=\"wp-page\" data-elementor-id=\"1796\" class=\"elementor elementor-1796 elementor-388\" data-elementor-post-type=\"page\">\n\t\t\t\t\t\t<section class=\"elementor-section elementor-top-section elementor-element elementor-element-1fc5d7b2 elementor-section-boxed elementor-section-height-default elementor-section-height-default\" data-id=\"1fc5d7b2\" data-element_type=\"section\" data-settings=\"{&quot;background_background&quot;:&quot;classic&quot;}\">\n\t\t\t\t\t\t<div class=\"elementor-container elementor-column-gap-default\">\n\t\t\t\t\t<div class=\"elementor-column elementor-col-100 elementor-top-column elementor-element elementor-element-7da99cd2\" data-id=\"7da99cd2\" data-element_type=\"column\">\n\t\t\t<div class=\"elementor-widget-wrap elementor-element-populated\">\n\t\t\t\t\t\t<div class=\"elementor-element elementor-element-501c3b56 elementor-widget elementor-widget-heading\" data-id=\"501c3b56\" data-element_type=\"widget\" data-widget_type=\"heading.default\">\n\t\t\t\t<div class=\"elementor-widget-container\">\n\t\t\t\t\t<h1 class=\"elementor-heading-title elementor-size-default\">So erreichen Sie uns<\/h1>\t\t\t\t<\/div>\n\t\t\t\t<\/div>\n\t\t\t\t<div class=\"elementor-element elementor-element-388f3aea elementor-widget-divider--view-line elementor-widget elementor-widget-divider\" data-id=\"388f3aea\" data-element_type=\"widget\" data-widget_type=\"divider.default\">\n\t\t\t\t<div class=\"elementor-widget-container\">\n\t\t\t\t\t\t\t<div class=\"elementor-divider\">\n\t\t\t<span class=\"elementor-divider-separator\">\n\t\t\t\t\t\t<\/span>\n\t\t<\/div>\n\t\t\t\t\t\t<\/div>\n\t\t\t\t<\/div>\n\t\t\t\t<div class=\"elementor-element elementor-element-5f80486 elementor-widget elementor-widget-text-editor\" data-id=\"5f80486\" data-element_type=\"widget\" data-widget_type=\"text-editor.default\">\n\t\t\t\t<div class=\"elementor-widget-container\">\n\t\t\t\t\t\t\t\t\t<p>Die Yachten befinden sich in \u201eMarina Latoura\u201c, Ormos Panagias, Sithonia, Chalkidiki, Griechenland.<\/p>\n\t\t\t\t\t\t\t\t<\/div>\n\t\t\t\t<\/div>\n\t\t\t\t\t<\/div>\n\t\t<\/div>\n\t\t\t\t\t<\/div>\n\t\t<\/section>\n\t\t\t\t<section class=\"elementor-section elementor-top-section elementor-element elementor-element-2b06954d elementor-section-full_width elementor-section-height-default elementor-section-height-default\" data-id=\"2b06954d\" data-element_type=\"section\">\n\t\t\t\t\t\t<div class=\"elementor-container elementor-column-gap-no\">\n\t\t\t\t\t<div class=\"elementor-column elementor-col-100 elementor-top-column elementor-element elementor-element-32f0f86f\" data-id=\"32f0f86f\" data-element_type=\"column\">\n\t\t\t<div class=\"elementor-widget-wrap elementor-element-populated\">\n\t\t\t\t\t\t<section class=\"elementor-section elementor-inner-section elementor-element elementor-element-16abd992 elementor-section-full_width elementor-section-height-default elementor-section-height-default\" data-id=\"16abd992\" data-element_type=\"section\">\n\t\t\t\t\t\t<div class=\"elementor-container elementor-column-gap-no\">\n\t\t\t\t\t<div class=\"elementor-column elementor-col-33 elementor-inner-column elementor-element elementor-element-438ee8bd\" data-id=\"438ee8bd\" data-element_type=\"column\" data-settings=\"{&quot;background_background&quot;:&quot;classic&quot;}\">\n\t\t\t<div class=\"elementor-widget-wrap elementor-element-populated\">\n\t\t\t\t\t\t<div class=\"elementor-element elementor-element-4f5bf485 elementor-view-default elementor-position-top elementor-mobile-position-top elementor-widget elementor-widget-icon-box\" data-id=\"4f5bf485\" data-element_type=\"widget\" data-widget_type=\"icon-box.default\">\n\t\t\t\t<div class=\"elementor-widget-container\">\n\t\t\t\t\t\t\t<div class=\"elementor-icon-box-wrapper\">\n\n\t\t\t\t\t\t<div class=\"elementor-icon-box-icon\">\n\t\t\t\t<span  class=\"elementor-icon\">\n\t\t\t\t<i aria-hidden=\"true\" class=\"fas fa-plane\"><\/i>\t\t\t\t<\/span>\n\t\t\t<\/div>\n\t\t\t\n\t\t\t\t\t\t<div class=\"elementor-icon-box-content\">\n\n\t\t\t\t\t\t\t\t\t<h4 class=\"elementor-icon-box-title\">\n\t\t\t\t\t\t<span  >\n\t\t\t\t\t\t\tMit dem Flugzeug\t\t\t\t\t\t<\/span>\n\t\t\t\t\t<\/h4>\n\t\t\t\t\n\t\t\t\t\n\t\t\t<\/div>\n\t\t\t\n\t\t<\/div>\n\t\t\t\t\t\t<\/div>\n\t\t\t\t<\/div>\n\t\t\t\t<div class=\"elementor-element elementor-element-2ab26dd6 elementor-widget-divider--view-line elementor-widget elementor-widget-divider\" data-id=\"2ab26dd6\" data-element_type=\"widget\" data-widget_type=\"divider.default\">\n\t\t\t\t<div class=\"elementor-widget-container\">\n\t\t\t\t\t\t\t<div class=\"elementor-divider\">\n\t\t\t<span class=\"elementor-divider-separator\">\n\t\t\t\t\t\t<\/span>\n\t\t<\/div>\n\t\t\t\t\t\t<\/div>\n\t\t\t\t<\/div>\n\t\t\t\t<div class=\"elementor-element elementor-element-5878aae4 elementor-widget elementor-widget-text-editor\" data-id=\"5878aae4\" data-element_type=\"widget\" data-widget_type=\"text-editor.default\">\n\t\t\t\t<div class=\"elementor-widget-container\">\n\t\t\t\t\t\t\t\t\t<p>Zum Internationalen Flughafen von Thessaloniki \u201eMakedonia\u201c<\/p>\n<p>(IATA: SKG, ICAO: LGTS) verbindet Chalkidiki mit 32 L\u00e4ndern und \u00fcber 80 Zielen mit Direktfl\u00fcgen.<\/p>\n<p>Flughafen \u201eMakedonia\u201c nach Ormos Panagias, Marina Latoura:<\/p>\n<p>1 Autostunde vom Flughafen Thessaloniki entfernt (Entfernung 100 km).<\/p>\n<p>Es gibt viele M\u00f6glichkeiten, Ormos Panagias vom Flughafen Makedonia zu erreichen.<\/p>\n\t\t\t\t\t\t\t\t<\/div>\n\t\t\t\t<\/div>\n\t\t\t\t\t<\/div>\n\t\t<\/div>\n\t\t\t\t<div class=\"elementor-column elementor-col-33 elementor-inner-column elementor-element elementor-element-5fbe54ad\" data-id=\"5fbe54ad\" data-element_type=\"column\" data-settings=\"{&quot;background_background&quot;:&quot;classic&quot;}\">\n\t\t\t<div class=\"elementor-widget-wrap elementor-element-populated\">\n\t\t\t\t\t\t<div class=\"elementor-element elementor-element-59e7bbf elementor-view-default elementor-position-top elementor-mobile-position-top elementor-widget elementor-widget-icon-box\" data-id=\"59e7bbf\" data-element_type=\"widget\" data-widget_type=\"icon-box.default\">\n\t\t\t\t<div class=\"elementor-widget-container\">\n\t\t\t\t\t\t\t<div class=\"elementor-icon-box-wrapper\">\n\n\t\t\t\t\t\t<div class=\"elementor-icon-box-icon\">\n\t\t\t\t<span  class=\"elementor-icon\">\n\t\t\t\t<i aria-hidden=\"true\" class=\"fas fa-car\"><\/i>\t\t\t\t<\/span>\n\t\t\t<\/div>\n\t\t\t\n\t\t\t\t\t\t<div class=\"elementor-icon-box-content\">\n\n\t\t\t\t\t\t\t\t\t<h4 class=\"elementor-icon-box-title\">\n\t\t\t\t\t\t<span  >\n\t\t\t\t\t\t\tMit dem Auto\t\t\t\t\t\t<\/span>\n\t\t\t\t\t<\/h4>\n\t\t\t\t\n\t\t\t\t\n\t\t\t<\/div>\n\t\t\t\n\t\t<\/div>\n\t\t\t\t\t\t<\/div>\n\t\t\t\t<\/div>\n\t\t\t\t<div class=\"elementor-element elementor-element-2a4e3437 elementor-widget-divider--view-line elementor-widget elementor-widget-divider\" data-id=\"2a4e3437\" data-element_type=\"widget\" data-widget_type=\"divider.default\">\n\t\t\t\t<div class=\"elementor-widget-container\">\n\t\t\t\t\t\t\t<div class=\"elementor-divider\">\n\t\t\t<span class=\"elementor-divider-separator\">\n\t\t\t\t\t\t<\/span>\n\t\t<\/div>\n\t\t\t\t\t\t<\/div>\n\t\t\t\t<\/div>\n\t\t\t\t<div class=\"elementor-element elementor-element-30860713 elementor-widget elementor-widget-text-editor\" data-id=\"30860713\" data-element_type=\"widget\" data-widget_type=\"text-editor.default\">\n\t\t\t\t<div class=\"elementor-widget-container\">\n\t\t\t\t\t\t\t\t\t<p>Der Flughafen \u201eMakedonia\u201c beherbergt viele weltweite Autovermietungen, die Sie w\u00e4hlen k\u00f6nnen, um Ihr Urlaubsfahrzeug zu mieten. Auch Taxis stehen immer direkt vor dem Ankunftsterminal des Flughafens zur Verf\u00fcgung. Auf Wunsch buchen wir f\u00fcr Sie eine Fahrt mit einem PKW oder Minivan zu einem ganz besonderen Preis!<\/p>\n\t\t\t\t\t\t\t\t<\/div>\n\t\t\t\t<\/div>\n\t\t\t\t<div class=\"elementor-element elementor-element-f15b301 elementor-align-center elementor-widget elementor-widget-button\" data-id=\"f15b301\" data-element_type=\"widget\" data-widget_type=\"button.default\">\n\t\t\t\t<div class=\"elementor-widget-container\">\n\t\t\t\t\t\t\t\t\t<div class=\"elementor-button-wrapper\">\n\t\t\t\t\t<a class=\"elementor-button elementor-button-link elementor-size-lg\" href=\"https:\/\/goo.gl\/maps\/AvuBAZko2pS2\">\n\t\t\t\t\t\t<span class=\"elementor-button-content-wrapper\">\n\t\t\t\t\t\t<span class=\"elementor-button-icon\">\n\t\t\t\t<i aria-hidden=\"true\" class=\"fas fa-map-pin\"><\/i>\t\t\t<\/span>\n\t\t\t\t\t\t\t\t\t<span class=\"elementor-button-text\">GPS: Hierher fahren<\/span>\n\t\t\t\t\t<\/span>\n\t\t\t\t\t<\/a>\n\t\t\t\t<\/div>\n\t\t\t\t\t\t\t\t<\/div>\n\t\t\t\t<\/div>\n\t\t\t\t\t<\/div>\n\t\t<\/div>\n\t\t\t\t<div class=\"elementor-column elementor-col-33 elementor-inner-column elementor-element elementor-element-47784cf3\" data-id=\"47784cf3\" data-element_type=\"column\" data-settings=\"{&quot;background_background&quot;:&quot;classic&quot;}\">\n\t\t\t<div class=\"elementor-widget-wrap elementor-element-populated\">\n\t\t\t\t\t\t<div class=\"elementor-element elementor-element-62d3c8f1 elementor-view-default elementor-position-top elementor-mobile-position-top elementor-widget elementor-widget-icon-box\" data-id=\"62d3c8f1\" data-element_type=\"widget\" data-widget_type=\"icon-box.default\">\n\t\t\t\t<div class=\"elementor-widget-container\">\n\t\t\t\t\t\t\t<div class=\"elementor-icon-box-wrapper\">\n\n\t\t\t\t\t\t<div class=\"elementor-icon-box-icon\">\n\t\t\t\t<span  class=\"elementor-icon\">\n\t\t\t\t<i aria-hidden=\"true\" class=\"fas fa-bus\"><\/i>\t\t\t\t<\/span>\n\t\t\t<\/div>\n\t\t\t\n\t\t\t\t\t\t<div class=\"elementor-icon-box-content\">\n\n\t\t\t\t\t\t\t\t\t<h4 class=\"elementor-icon-box-title\">\n\t\t\t\t\t\t<span  >\n\t\t\t\t\t\t\tMit dem Bus\t\t\t\t\t\t<\/span>\n\t\t\t\t\t<\/h4>\n\t\t\t\t\n\t\t\t\t\n\t\t\t<\/div>\n\t\t\t\n\t\t<\/div>\n\t\t\t\t\t\t<\/div>\n\t\t\t\t<\/div>\n\t\t\t\t<div class=\"elementor-element elementor-element-66d4b314 elementor-widget-divider--view-line elementor-widget elementor-widget-divider\" data-id=\"66d4b314\" data-element_type=\"widget\" data-widget_type=\"divider.default\">\n\t\t\t\t<div class=\"elementor-widget-container\">\n\t\t\t\t\t\t\t<div class=\"elementor-divider\">\n\t\t\t<span class=\"elementor-divider-separator\">\n\t\t\t\t\t\t<\/span>\n\t\t<\/div>\n\t\t\t\t\t\t<\/div>\n\t\t\t\t<\/div>\n\t\t\t\t<div class=\"elementor-element elementor-element-5ba2aa4b elementor-widget elementor-widget-text-editor\" data-id=\"5ba2aa4b\" data-element_type=\"widget\" data-widget_type=\"text-editor.default\">\n\t\t\t\t<div class=\"elementor-widget-container\">\n\t\t\t\t\t\t\t\t\t<p>Nur 11 Autominuten vom Flughafen entfernt bietet das Busterminal \u201eKTEL HALKIDIKIS\u201c viele Ausflugsm\u00f6glichkeiten. Fahrkarten k\u00f6nnen an Automaten an Bord des Dienstes gekauft werden. Bordautomaten akzeptieren nur genaues Wechselgeld. Studenten und Senioren (65 Jahre oder \u00e4lter) erhalten 50% Erm\u00e4\u00dfigung; Kinder bis 6 Jahre reisen kostenlos. Alle D\u00f6rfer und Str\u00e4nde von Chalkidiki sind durch Busse mit Thessaloniki verbunden. Es gibt Busse, die das ganze Jahr \u00fcber t\u00e4glich und mehrmals t\u00e4glich verkehren.<\/p>\n<p>F\u00fcr weitere Businformationen besuchen Sie :<\/p>\n<p>www.ktel-chalkidikis.gr<\/p>\n<p>Bahnhof Thessaloniki: +30 2310 316565, 316555<br \/>\nBahnhof Polygyros: +30 23710 22309<br \/>\nBahnhof Nea Moudania: +30 23730 21228<br \/>\nBahnhof Arnea: +30 23720 22278<br \/>\nBahnhof Kassandria: +30 23740 22214<\/p>\n\t\t\t\t\t\t\t\t<\/div>\n\t\t\t\t<\/div>\n\t\t\t\t\t<\/div>\n\t\t<\/div>\n\t\t\t\t\t<\/div>\n\t\t<\/section>\n\t\t\t\t\t<\/div>\n\t\t<\/div>\n\t\t\t\t\t<\/div>\n\t\t<\/section>\n\t\t\t\t<\/div>\n\t\t","protected":false},"excerpt":{"rendered":"<p>So erreichen Sie uns Die Yachten befinden sich in \u201eMarina Latoura\u201c, Ormos Panagias, Sithonia, Chalkidiki, Griechenland. Mit dem Flugzeug Zum Internationalen Flughafen von Thessaloniki \u201eMakedonia\u201c (IATA: SKG, ICAO: LGTS) verbindet Chalkidiki mit 32 L\u00e4ndern und \u00fcber 80 Zielen mit Direktfl\u00fcgen. Flughafen \u201eMakedonia\u201c nach Ormos Panagias, Marina Latoura: 1 Autostunde vom Flughafen Thessaloniki entfernt (Entfernung 100 [&hellip;]<\/p>\n","protected":false},"author":1,"featured_media":0,"parent":0,"menu_order":0,"comment_status":"closed","ping_status":"closed","template":"","meta":{"footnotes":""},"class_list":["post-1796","page","type-page","status-publish","hentry"],"yoast_head":"<!-- This site is optimized with the Yoast SEO Premium plugin v21.6 (Yoast SEO v27.4) - https:\/\/yoast.com\/product\/yoast-seo-premium-wordpress\/ -->\n<title>So erreichen Sie uns - Halkidiki Yachts<\/title>\n<meta name=\"robots\" content=\"index, follow, max-snippet:-1, max-image-preview:large, max-video-preview:-1\" \/>\n<link rel=\"canonical\" href=\"https:\/\/halkidikiyachts.com\/de\/how-to-reach-us\/\" \/>\n<meta property=\"og:locale\" content=\"de_DE\" \/>\n<meta property=\"og:type\" content=\"article\" \/>\n<meta property=\"og:title\" content=\"So erreichen Sie uns\" \/>\n<meta property=\"og:description\" content=\"So erreichen Sie uns Die Yachten befinden sich in \u201eMarina Latoura\u201c, Ormos Panagias, Sithonia, Chalkidiki, Griechenland. Mit dem Flugzeug Zum Internationalen Flughafen von Thessaloniki \u201eMakedonia\u201c (IATA: SKG, ICAO: LGTS) verbindet Chalkidiki mit 32 L\u00e4ndern und \u00fcber 80 Zielen mit Direktfl\u00fcgen. Flughafen \u201eMakedonia\u201c nach Ormos Panagias, Marina Latoura: 1 Autostunde vom Flughafen Thessaloniki entfernt (Entfernung 100 [&hellip;]\" \/>\n<meta property=\"og:url\" content=\"https:\/\/halkidikiyachts.com\/de\/how-to-reach-us\/\" \/>\n<meta property=\"og:site_name\" content=\"Halkidiki Yachts\" \/>\n<meta property=\"article:modified_time\" content=\"2021-10-06T23:10:49+00:00\" \/>\n<meta name=\"twitter:card\" content=\"summary_large_image\" \/>\n<meta name=\"twitter:label1\" content=\"Gesch\u00e4tzte Lesezeit\" \/>\n\t<meta name=\"twitter:data1\" content=\"1\u00a0Minute\" \/>\n<script type=\"application\/ld+json\" class=\"yoast-schema-graph\">{\"@context\":\"https:\\\/\\\/schema.org\",\"@graph\":[{\"@type\":\"WebPage\",\"@id\":\"https:\\\/\\\/halkidikiyachts.com\\\/de\\\/how-to-reach-us\\\/\",\"url\":\"https:\\\/\\\/halkidikiyachts.com\\\/de\\\/how-to-reach-us\\\/\",\"name\":\"So erreichen Sie uns - Halkidiki Yachts\",\"isPartOf\":{\"@id\":\"https:\\\/\\\/halkidikiyachts.com\\\/#website\"},\"datePublished\":\"2018-04-19T12:58:38+00:00\",\"dateModified\":\"2021-10-06T23:10:49+00:00\",\"breadcrumb\":{\"@id\":\"https:\\\/\\\/halkidikiyachts.com\\\/de\\\/how-to-reach-us\\\/#breadcrumb\"},\"inLanguage\":\"de\",\"potentialAction\":[{\"@type\":\"ReadAction\",\"target\":[\"https:\\\/\\\/halkidikiyachts.com\\\/de\\\/how-to-reach-us\\\/\"]}]},{\"@type\":\"BreadcrumbList\",\"@id\":\"https:\\\/\\\/halkidikiyachts.com\\\/de\\\/how-to-reach-us\\\/#breadcrumb\",\"itemListElement\":[{\"@type\":\"ListItem\",\"position\":1,\"name\":\"Halkidiki Yachts\",\"item\":\"https:\\\/\\\/halkidikiyachts.com\\\/de\\\/rent-luxury-yachts-halkidiki\\\/\"},{\"@type\":\"ListItem\",\"position\":2,\"name\":\"So erreichen Sie uns\"}]},{\"@type\":\"WebSite\",\"@id\":\"https:\\\/\\\/halkidikiyachts.com\\\/#website\",\"url\":\"https:\\\/\\\/halkidikiyachts.com\\\/\",\"name\":\"Halkidiki Yachts\",\"description\":\"\",\"potentialAction\":[{\"@type\":\"SearchAction\",\"target\":{\"@type\":\"EntryPoint\",\"urlTemplate\":\"https:\\\/\\\/halkidikiyachts.com\\\/?s={search_term_string}\"},\"query-input\":{\"@type\":\"PropertyValueSpecification\",\"valueRequired\":true,\"valueName\":\"search_term_string\"}}],\"inLanguage\":\"de\"}]}<\/script>\n<!-- \/ Yoast SEO Premium plugin. -->","yoast_head_json":{"title":"So erreichen Sie uns - Halkidiki Yachts","robots":{"index":"index","follow":"follow","max-snippet":"max-snippet:-1","max-image-preview":"max-image-preview:large","max-video-preview":"max-video-preview:-1"},"canonical":"https:\/\/halkidikiyachts.com\/de\/how-to-reach-us\/","og_locale":"de_DE","og_type":"article","og_title":"So erreichen Sie uns","og_description":"So erreichen Sie uns Die Yachten befinden sich in \u201eMarina Latoura\u201c, Ormos Panagias, Sithonia, Chalkidiki, Griechenland. Mit dem Flugzeug Zum Internationalen Flughafen von Thessaloniki \u201eMakedonia\u201c (IATA: SKG, ICAO: LGTS) verbindet Chalkidiki mit 32 L\u00e4ndern und \u00fcber 80 Zielen mit Direktfl\u00fcgen. Flughafen \u201eMakedonia\u201c nach Ormos Panagias, Marina Latoura: 1 Autostunde vom Flughafen Thessaloniki entfernt (Entfernung 100 [&hellip;]","og_url":"https:\/\/halkidikiyachts.com\/de\/how-to-reach-us\/","og_site_name":"Halkidiki Yachts","article_modified_time":"2021-10-06T23:10:49+00:00","twitter_card":"summary_large_image","twitter_misc":{"Gesch\u00e4tzte Lesezeit":"1\u00a0Minute"},"schema":{"@context":"https:\/\/schema.org","@graph":[{"@type":"WebPage","@id":"https:\/\/halkidikiyachts.com\/de\/how-to-reach-us\/","url":"https:\/\/halkidikiyachts.com\/de\/how-to-reach-us\/","name":"So erreichen Sie uns - Halkidiki Yachts","isPartOf":{"@id":"https:\/\/halkidikiyachts.com\/#website"},"datePublished":"2018-04-19T12:58:38+00:00","dateModified":"2021-10-06T23:10:49+00:00","breadcrumb":{"@id":"https:\/\/halkidikiyachts.com\/de\/how-to-reach-us\/#breadcrumb"},"inLanguage":"de","potentialAction":[{"@type":"ReadAction","target":["https:\/\/halkidikiyachts.com\/de\/how-to-reach-us\/"]}]},{"@type":"BreadcrumbList","@id":"https:\/\/halkidikiyachts.com\/de\/how-to-reach-us\/#breadcrumb","itemListElement":[{"@type":"ListItem","position":1,"name":"Halkidiki Yachts","item":"https:\/\/halkidikiyachts.com\/de\/rent-luxury-yachts-halkidiki\/"},{"@type":"ListItem","position":2,"name":"So erreichen Sie uns"}]},{"@type":"WebSite","@id":"https:\/\/halkidikiyachts.com\/#website","url":"https:\/\/halkidikiyachts.com\/","name":"Halkidiki Yachts","description":"","potentialAction":[{"@type":"SearchAction","target":{"@type":"EntryPoint","urlTemplate":"https:\/\/halkidikiyachts.com\/?s={search_term_string}"},"query-input":{"@type":"PropertyValueSpecification","valueRequired":true,"valueName":"search_term_string"}}],"inLanguage":"de"}]}},"_links":{"self":[{"href":"https:\/\/halkidikiyachts.com\/de\/wp-json\/wp\/v2\/pages\/1796","targetHints":{"allow":["GET"]}}],"collection":[{"href":"https:\/\/halkidikiyachts.com\/de\/wp-json\/wp\/v2\/pages"}],"about":[{"href":"https:\/\/halkidikiyachts.com\/de\/wp-json\/wp\/v2\/types\/page"}],"author":[{"embeddable":true,"href":"https:\/\/halkidikiyachts.com\/de\/wp-json\/wp\/v2\/users\/1"}],"replies":[{"embeddable":true,"href":"https:\/\/halkidikiyachts.com\/de\/wp-json\/wp\/v2\/comments?post=1796"}],"version-history":[{"count":0,"href":"https:\/\/halkidikiyachts.com\/de\/wp-json\/wp\/v2\/pages\/1796\/revisions"}],"wp:attachment":[{"href":"https:\/\/halkidikiyachts.com\/de\/wp-json\/wp\/v2\/media?parent=1796"}],"curies":[{"name":"wp","href":"https:\/\/api.w.org\/{rel}","templated":true}]}}