{"id":1789,"date":"2018-04-19T16:03:44","date_gmt":"2018-04-19T13:03:44","guid":{"rendered":"https:\/\/halkidikiyachts.com\/price-list-and-cancellation-policy\/"},"modified":"2023-02-09T16:55:47","modified_gmt":"2023-02-09T13:55:47","slug":"price-list-and-cancellation-policy","status":"publish","type":"page","link":"https:\/\/halkidikiyachts.com\/de\/price-list-and-cancellation-policy\/","title":{"rendered":"Buchungsbedingungen"},"content":{"rendered":"\t\t<div data-elementor-type=\"wp-page\" data-elementor-id=\"1789\" class=\"elementor elementor-1789 elementor-383\" data-elementor-post-type=\"page\">\n\t\t\t\t\t\t<section class=\"elementor-section elementor-top-section elementor-element elementor-element-129c6904 elementor-section-boxed elementor-section-height-default elementor-section-height-default\" data-id=\"129c6904\" data-element_type=\"section\" data-settings=\"{&quot;background_background&quot;:&quot;classic&quot;}\">\n\t\t\t\t\t\t<div class=\"elementor-container elementor-column-gap-default\">\n\t\t\t\t\t<div class=\"elementor-column elementor-col-100 elementor-top-column elementor-element elementor-element-38dbf885\" data-id=\"38dbf885\" data-element_type=\"column\">\n\t\t\t<div class=\"elementor-widget-wrap elementor-element-populated\">\n\t\t\t\t\t\t<div class=\"elementor-element elementor-element-35517197 elementor-widget elementor-widget-heading\" data-id=\"35517197\" data-element_type=\"widget\" data-widget_type=\"heading.default\">\n\t\t\t\t<div class=\"elementor-widget-container\">\n\t\t\t\t\t<h1 class=\"elementor-heading-title elementor-size-default\">Buchungsbedingungen<\/h1>\t\t\t\t<\/div>\n\t\t\t\t<\/div>\n\t\t\t\t<div class=\"elementor-element elementor-element-5500f1c elementor-widget-divider--view-line elementor-widget elementor-widget-divider\" data-id=\"5500f1c\" data-element_type=\"widget\" data-widget_type=\"divider.default\">\n\t\t\t\t<div class=\"elementor-widget-container\">\n\t\t\t\t\t\t\t<div class=\"elementor-divider\">\n\t\t\t<span class=\"elementor-divider-separator\">\n\t\t\t\t\t\t<\/span>\n\t\t<\/div>\n\t\t\t\t\t\t<\/div>\n\t\t\t\t<\/div>\n\t\t\t\t\t<\/div>\n\t\t<\/div>\n\t\t\t\t\t<\/div>\n\t\t<\/section>\n\t\t\t\t<section class=\"elementor-section elementor-top-section elementor-element elementor-element-78e63e40 elementor-section-boxed elementor-section-height-default elementor-section-height-default\" data-id=\"78e63e40\" data-element_type=\"section\" data-settings=\"{&quot;background_background&quot;:&quot;classic&quot;}\">\n\t\t\t\t\t\t<div class=\"elementor-container elementor-column-gap-default\">\n\t\t\t\t\t<div class=\"elementor-column elementor-col-100 elementor-top-column elementor-element elementor-element-4822a494\" data-id=\"4822a494\" data-element_type=\"column\">\n\t\t\t<div class=\"elementor-widget-wrap elementor-element-populated\">\n\t\t\t\t\t\t<section class=\"elementor-section elementor-inner-section elementor-element elementor-element-2839f2cb elementor-section-boxed elementor-section-height-default elementor-section-height-default\" data-id=\"2839f2cb\" data-element_type=\"section\">\n\t\t\t\t\t\t<div class=\"elementor-container elementor-column-gap-default\">\n\t\t\t\t\t<div class=\"elementor-column elementor-col-50 elementor-inner-column elementor-element elementor-element-4d5674d5\" data-id=\"4d5674d5\" data-element_type=\"column\">\n\t\t\t<div class=\"elementor-widget-wrap elementor-element-populated\">\n\t\t\t\t\t\t<div class=\"elementor-element elementor-element-a331179 elementor-widget elementor-widget-heading\" data-id=\"a331179\" data-element_type=\"widget\" data-widget_type=\"heading.default\">\n\t\t\t\t<div class=\"elementor-widget-container\">\n\t\t\t\t\t<h2 class=\"elementor-heading-title elementor-size-default\">BUCHEN SIE JETZT IHREN URLAUB!<\/h2>\t\t\t\t<\/div>\n\t\t\t\t<\/div>\n\t\t\t\t<div class=\"elementor-element elementor-element-41f0404c elementor-widget-divider--view-line elementor-widget elementor-widget-divider\" data-id=\"41f0404c\" data-element_type=\"widget\" data-widget_type=\"divider.default\">\n\t\t\t\t<div class=\"elementor-widget-container\">\n\t\t\t\t\t\t\t<div class=\"elementor-divider\">\n\t\t\t<span class=\"elementor-divider-separator\">\n\t\t\t\t\t\t<\/span>\n\t\t<\/div>\n\t\t\t\t\t\t<\/div>\n\t\t\t\t<\/div>\n\t\t\t\t<div class=\"elementor-element elementor-element-248a3d1b elementor-widget elementor-widget-text-editor\" data-id=\"248a3d1b\" data-element_type=\"widget\" data-widget_type=\"text-editor.default\">\n\t\t\t\t<div class=\"elementor-widget-container\">\n\t\t\t\t\t\t\t\t\t<div class=\"e383-5 x-container max width\">\r\n<div class=\"e383-6 x-column x-sm x-1-1\">\r\n<div class=\"e383-7 x-text\">\r\n\r\nFR\u00dcHBUCHER UND VOLLE ZAHLUNG 60 TAGE IM VORAUS, BIETET 3% RABATT.\r\n\r\nBUCHUNG F\u00dcR 3 TAGE ODER MEHR, BIETET 7% RABATT.\r\n\r\nFR\u00dcHBUCHER UND VOLLE ZAHLUNG 60 TAGE IM VORAUS F\u00dcR 3 TAGE ODER MEHR, BIETET INSGESAMT 10 % RABATT.\r\n\r\nZAHLUNGSBEDINGUNGEN\r\n\r\nUm die Buchung zu best\u00e4tigen, ist eine Anzahlung von mindestens 30% erforderlich.\r\n\r\nDie zweite Zahlung (gesamter Restbetrag) ist 14 Tage vor Abreise f\u00e4llig.\r\n\r\nFOLGENDE SIND IM PREIS INBEGRIFFEN:\r\n\r\nKapit\u00e4n und ein Besatzungsmitglied (Anwesenheitspflicht).\r\n\r\nAlle Steuern.\r\n\r\nBasishafengeb\u00fchren.\r\n\r\nTreibstoff, nur f\u00fcr feste (farbige) Kreuzfahrten.\r\n*Bitte kontaktieren Sie uns f\u00fcr zus\u00e4tzliche Treibstoffkosten f\u00fcr zus\u00e4tzliche Meilen und mehrt\u00e4gige Kreuzfahrten.\r\n\r\nBegr\u00fc\u00dfungsgetr\u00e4nk, Snacks, Obst und Getr\u00e4nke (alkoholfreie Getr\u00e4nke, Trinkwasser, Kaffee, Tee, Wein 1 Flasche\/2 Personen),\u00a0nur f\u00fcr feste (farbige) Kreuzfahrten.\r\n*Bitte kontaktieren Sie uns, um Material (optional) f\u00fcr mehrt\u00e4gige Kreuzfahrten zu arrangieren.\r\n\r\nDVD f\u00fcr Kinder im Fernsehen (Griechisch, Englisch, Russisch).\r\n\r\nVerwendung von aufblasbarem Meeresspielzeug.\r\n\r\nBenutzung von Schnorchelausr\u00fcstung.\r\n\r\nWEITERE OPTIONALE EXTRAS (Preise auf Anfrage):\r\n\r\nFlughafen- oder Hoteltransport.\r\n\r\nStewardess spricht Russisch.\r\n\r\nVIP-Services.\r\n\r\nSpezielle Mahlzeiten an Bord.\r\n\r\nALLGEMEINE INFORMATIONEN:\r\n\r\nDas Boot muss nicht jede Nacht zum Basishafen zur\u00fcckkehren.\r\n\r\n\u2013Strecken\u00e4nderungen k\u00f6nnen nach Absprache mit dem Kapit\u00e4n erfolgen.\r\n\r\n\u2013 Aufgrund von Wetterbedingungen kann es zu Routen\u00e4nderungen kommen.\r\n\r\n\u2013Bei extremen Wetterbedingungen:\r\nIm Falle einer Stornierung aufgrund eines besonderen Wetterberichts, der jegliche Seereisen verhindert,\r\n\r\nf\u00fcr gebuchte und bezahlte eint\u00e4gige (oder k\u00fcrzere) Reisen\u00a0 = Datums\u00e4nderung oder R\u00fcckerstattung,\r\n\r\nbei gebuchten und bezahlten Mehrtagesfahrten = \u00dcberpr\u00fcfung des Routenplans mit dem Kapit\u00e4n.\r\n\r\nSTORNIERUNGSBEDINGUNGEN\r\n\r\nStornierung 30+ Tage vor Abreise = 100% R\u00fcckerstattung des bezahlten Betrags\r\n\r\nStornierung 15-29 Tage vor Abreise = keine R\u00fcckerstattung der 30% Anzahlung oder 70% R\u00fcckerstattung bei Vorauszahlung des Gesamtbetrags.\r\n\r\nStornierung 1-14 Tage vor Abreise = keine R\u00fcckerstattung der 30% Anzahlung oder 50% R\u00fcckerstattung bei Vorauszahlung des Gesamtbetrags.\r\n\r\nEine Stornierung kann 48 Stunden nach jeder Zahlung oder Buchung beantragt werden.\r\n\r\nDie Stornierungszeit beginnt um 00.00 Uhr und endet um 23.59 Uhr Ortszeit.\r\n\r\nOrtszeit ist UTC + 3\r\n\r\n***Banktransaktionsgeb\u00fchren im Zusammenhang mit einer R\u00fcckerstattung werden vom R\u00fcckerstattungsbetrag abgezogen.\r\n\r\n***Der Preis f\u00fcr dieses Boot ist in EUR festgelegt.\r\n\r\nAufgrund von Wechselkursen kann der Preis bei Umrechnung in andere W\u00e4hrungen von Tag zu Tag variieren.\r\n\r\n<\/div>\r\n<\/div>\r\n<\/div>\t\t\t\t\t\t\t\t<\/div>\n\t\t\t\t<\/div>\n\t\t\t\t\t<\/div>\n\t\t<\/div>\n\t\t\t\t<div class=\"elementor-column elementor-col-50 elementor-inner-column elementor-element elementor-element-4f806086\" data-id=\"4f806086\" data-element_type=\"column\" data-settings=\"{&quot;background_background&quot;:&quot;classic&quot;}\">\n\t\t\t<div class=\"elementor-widget-wrap elementor-element-populated\">\n\t\t\t\t\t\t<div class=\"elementor-element elementor-element-783d91b elementor-widget elementor-widget-spacer\" data-id=\"783d91b\" data-element_type=\"widget\" data-widget_type=\"spacer.default\">\n\t\t\t\t<div class=\"elementor-widget-container\">\n\t\t\t\t\t\t\t<div class=\"elementor-spacer\">\n\t\t\t<div class=\"elementor-spacer-inner\"><\/div>\n\t\t<\/div>\n\t\t\t\t\t\t<\/div>\n\t\t\t\t<\/div>\n\t\t\t\t\t<\/div>\n\t\t<\/div>\n\t\t\t\t\t<\/div>\n\t\t<\/section>\n\t\t\t\t\t<\/div>\n\t\t<\/div>\n\t\t\t\t\t<\/div>\n\t\t<\/section>\n\t\t\t\t<\/div>\n\t\t","protected":false},"excerpt":{"rendered":"<p>Buchungsbedingungen BUCHEN SIE JETZT IHREN URLAUB! FR\u00dcHBUCHER UND VOLLE ZAHLUNG 60 TAGE IM VORAUS, BIETET 3% RABATT. BUCHUNG F\u00dcR 3 TAGE ODER MEHR, BIETET 7% RABATT. FR\u00dcHBUCHER UND VOLLE ZAHLUNG 60 TAGE IM VORAUS F\u00dcR 3 TAGE ODER MEHR, BIETET INSGESAMT 10 % RABATT. ZAHLUNGSBEDINGUNGEN Um die Buchung zu best\u00e4tigen, ist eine Anzahlung von mindestens [&hellip;]<\/p>\n","protected":false},"author":1,"featured_media":0,"parent":0,"menu_order":0,"comment_status":"closed","ping_status":"closed","template":"","meta":{"footnotes":""},"class_list":["post-1789","page","type-page","status-publish","hentry"],"yoast_head":"<!-- This site is optimized with the Yoast SEO Premium plugin v21.6 (Yoast SEO v27.4) - https:\/\/yoast.com\/product\/yoast-seo-premium-wordpress\/ -->\n<title>Buchungsbedingungen - Halkidiki Yachts<\/title>\n<meta name=\"robots\" content=\"index, follow, max-snippet:-1, max-image-preview:large, max-video-preview:-1\" \/>\n<link rel=\"canonical\" href=\"https:\/\/halkidikiyachts.com\/de\/price-list-and-cancellation-policy\/\" \/>\n<meta property=\"og:locale\" content=\"de_DE\" \/>\n<meta property=\"og:type\" content=\"article\" \/>\n<meta property=\"og:title\" content=\"Buchungsbedingungen\" \/>\n<meta property=\"og:description\" content=\"Buchungsbedingungen BUCHEN SIE JETZT IHREN URLAUB! FR\u00dcHBUCHER UND VOLLE ZAHLUNG 60 TAGE IM VORAUS, BIETET 3% RABATT. BUCHUNG F\u00dcR 3 TAGE ODER MEHR, BIETET 7% RABATT. FR\u00dcHBUCHER UND VOLLE ZAHLUNG 60 TAGE IM VORAUS F\u00dcR 3 TAGE ODER MEHR, BIETET INSGESAMT 10 % RABATT. ZAHLUNGSBEDINGUNGEN Um die Buchung zu best\u00e4tigen, ist eine Anzahlung von mindestens [&hellip;]\" \/>\n<meta property=\"og:url\" content=\"https:\/\/halkidikiyachts.com\/de\/price-list-and-cancellation-policy\/\" \/>\n<meta property=\"og:site_name\" content=\"Halkidiki Yachts\" \/>\n<meta property=\"article:modified_time\" content=\"2023-02-09T13:55:47+00:00\" \/>\n<meta name=\"twitter:card\" content=\"summary_large_image\" \/>\n<meta name=\"twitter:label1\" content=\"Gesch\u00e4tzte Lesezeit\" \/>\n\t<meta name=\"twitter:data1\" content=\"2\u00a0Minuten\" \/>\n<script type=\"application\/ld+json\" class=\"yoast-schema-graph\">{\"@context\":\"https:\\\/\\\/schema.org\",\"@graph\":[{\"@type\":\"WebPage\",\"@id\":\"https:\\\/\\\/halkidikiyachts.com\\\/de\\\/price-list-and-cancellation-policy\\\/\",\"url\":\"https:\\\/\\\/halkidikiyachts.com\\\/de\\\/price-list-and-cancellation-policy\\\/\",\"name\":\"Buchungsbedingungen - Halkidiki Yachts\",\"isPartOf\":{\"@id\":\"https:\\\/\\\/halkidikiyachts.com\\\/#website\"},\"datePublished\":\"2018-04-19T13:03:44+00:00\",\"dateModified\":\"2023-02-09T13:55:47+00:00\",\"breadcrumb\":{\"@id\":\"https:\\\/\\\/halkidikiyachts.com\\\/de\\\/price-list-and-cancellation-policy\\\/#breadcrumb\"},\"inLanguage\":\"de\",\"potentialAction\":[{\"@type\":\"ReadAction\",\"target\":[\"https:\\\/\\\/halkidikiyachts.com\\\/de\\\/price-list-and-cancellation-policy\\\/\"]}]},{\"@type\":\"BreadcrumbList\",\"@id\":\"https:\\\/\\\/halkidikiyachts.com\\\/de\\\/price-list-and-cancellation-policy\\\/#breadcrumb\",\"itemListElement\":[{\"@type\":\"ListItem\",\"position\":1,\"name\":\"Halkidiki Yachts\",\"item\":\"https:\\\/\\\/halkidikiyachts.com\\\/de\\\/rent-luxury-yachts-halkidiki\\\/\"},{\"@type\":\"ListItem\",\"position\":2,\"name\":\"Buchungsbedingungen\"}]},{\"@type\":\"WebSite\",\"@id\":\"https:\\\/\\\/halkidikiyachts.com\\\/#website\",\"url\":\"https:\\\/\\\/halkidikiyachts.com\\\/\",\"name\":\"Halkidiki Yachts\",\"description\":\"\",\"potentialAction\":[{\"@type\":\"SearchAction\",\"target\":{\"@type\":\"EntryPoint\",\"urlTemplate\":\"https:\\\/\\\/halkidikiyachts.com\\\/?s={search_term_string}\"},\"query-input\":{\"@type\":\"PropertyValueSpecification\",\"valueRequired\":true,\"valueName\":\"search_term_string\"}}],\"inLanguage\":\"de\"}]}<\/script>\n<!-- \/ Yoast SEO Premium plugin. -->","yoast_head_json":{"title":"Buchungsbedingungen - Halkidiki Yachts","robots":{"index":"index","follow":"follow","max-snippet":"max-snippet:-1","max-image-preview":"max-image-preview:large","max-video-preview":"max-video-preview:-1"},"canonical":"https:\/\/halkidikiyachts.com\/de\/price-list-and-cancellation-policy\/","og_locale":"de_DE","og_type":"article","og_title":"Buchungsbedingungen","og_description":"Buchungsbedingungen BUCHEN SIE JETZT IHREN URLAUB! FR\u00dcHBUCHER UND VOLLE ZAHLUNG 60 TAGE IM VORAUS, BIETET 3% RABATT. BUCHUNG F\u00dcR 3 TAGE ODER MEHR, BIETET 7% RABATT. FR\u00dcHBUCHER UND VOLLE ZAHLUNG 60 TAGE IM VORAUS F\u00dcR 3 TAGE ODER MEHR, BIETET INSGESAMT 10 % RABATT. ZAHLUNGSBEDINGUNGEN Um die Buchung zu best\u00e4tigen, ist eine Anzahlung von mindestens [&hellip;]","og_url":"https:\/\/halkidikiyachts.com\/de\/price-list-and-cancellation-policy\/","og_site_name":"Halkidiki Yachts","article_modified_time":"2023-02-09T13:55:47+00:00","twitter_card":"summary_large_image","twitter_misc":{"Gesch\u00e4tzte Lesezeit":"2\u00a0Minuten"},"schema":{"@context":"https:\/\/schema.org","@graph":[{"@type":"WebPage","@id":"https:\/\/halkidikiyachts.com\/de\/price-list-and-cancellation-policy\/","url":"https:\/\/halkidikiyachts.com\/de\/price-list-and-cancellation-policy\/","name":"Buchungsbedingungen - Halkidiki Yachts","isPartOf":{"@id":"https:\/\/halkidikiyachts.com\/#website"},"datePublished":"2018-04-19T13:03:44+00:00","dateModified":"2023-02-09T13:55:47+00:00","breadcrumb":{"@id":"https:\/\/halkidikiyachts.com\/de\/price-list-and-cancellation-policy\/#breadcrumb"},"inLanguage":"de","potentialAction":[{"@type":"ReadAction","target":["https:\/\/halkidikiyachts.com\/de\/price-list-and-cancellation-policy\/"]}]},{"@type":"BreadcrumbList","@id":"https:\/\/halkidikiyachts.com\/de\/price-list-and-cancellation-policy\/#breadcrumb","itemListElement":[{"@type":"ListItem","position":1,"name":"Halkidiki Yachts","item":"https:\/\/halkidikiyachts.com\/de\/rent-luxury-yachts-halkidiki\/"},{"@type":"ListItem","position":2,"name":"Buchungsbedingungen"}]},{"@type":"WebSite","@id":"https:\/\/halkidikiyachts.com\/#website","url":"https:\/\/halkidikiyachts.com\/","name":"Halkidiki Yachts","description":"","potentialAction":[{"@type":"SearchAction","target":{"@type":"EntryPoint","urlTemplate":"https:\/\/halkidikiyachts.com\/?s={search_term_string}"},"query-input":{"@type":"PropertyValueSpecification","valueRequired":true,"valueName":"search_term_string"}}],"inLanguage":"de"}]}},"_links":{"self":[{"href":"https:\/\/halkidikiyachts.com\/de\/wp-json\/wp\/v2\/pages\/1789","targetHints":{"allow":["GET"]}}],"collection":[{"href":"https:\/\/halkidikiyachts.com\/de\/wp-json\/wp\/v2\/pages"}],"about":[{"href":"https:\/\/halkidikiyachts.com\/de\/wp-json\/wp\/v2\/types\/page"}],"author":[{"embeddable":true,"href":"https:\/\/halkidikiyachts.com\/de\/wp-json\/wp\/v2\/users\/1"}],"replies":[{"embeddable":true,"href":"https:\/\/halkidikiyachts.com\/de\/wp-json\/wp\/v2\/comments?post=1789"}],"version-history":[{"count":2,"href":"https:\/\/halkidikiyachts.com\/de\/wp-json\/wp\/v2\/pages\/1789\/revisions"}],"predecessor-version":[{"id":2763,"href":"https:\/\/halkidikiyachts.com\/de\/wp-json\/wp\/v2\/pages\/1789\/revisions\/2763"}],"wp:attachment":[{"href":"https:\/\/halkidikiyachts.com\/de\/wp-json\/wp\/v2\/media?parent=1789"}],"curies":[{"name":"wp","href":"https:\/\/api.w.org\/{rel}","templated":true}]}}