{"id":1783,"date":"2018-04-30T20:06:03","date_gmt":"2018-04-30T17:06:03","guid":{"rendered":"https:\/\/halkidikiyachts.com\/rent-luxury-yachts-halkidiki\/"},"modified":"2024-01-04T14:58:10","modified_gmt":"2024-01-04T11:58:10","slug":"rent-luxury-yachts-halkidiki","status":"publish","type":"page","link":"https:\/\/halkidikiyachts.com\/de\/","title":{"rendered":"Chalkidiki Yachten"},"content":{"rendered":"<p>CHALKIDIKI YACHTEN\t\t<\/p>\n<h1>Mieten Sie eine Yacht in Chalkidiki &#8211; Griechenland f\u00fcr Ihre private Kreuzfahrt!<\/h1>\n<p><strong>Mieten<\/strong>\u00a0Sie eine\u00a0<strong>Luxusyacht<\/strong>\u00a0und verbringen Sie einen unvergesslichen Tag auf See in\u00a0<strong>Chalkidiki<\/strong>\u00a0in\u00a0<strong>Griechenland<\/strong>.<\/p>\n<p>Chartern Sie eine unserer Motoryachten f\u00fcr bis zu 10 Personen oder beide Yachten zum Sonderpreis f\u00fcr Gruppen bis zu 20 Personen. Der erfahrene Kapit\u00e4n und die Crew begr\u00fc\u00dfen Sie an Bord und sorgen daf\u00fcr, dass Sie eine angenehme Erfahrung haben. Sie haben die M\u00f6glichkeit, eine Tagestour oder eine mehrt\u00e4gige Kreuzfahrt zu buchen.<\/p>\n<p>\t\t\t<a href=\"https:\/\/halkidikiyachts.com\/de\/destinations\/#One-day%20trips\"><br \/>\n\t\t\t\t\t\tTagesausfl\u00fcge<br \/>\n\t\t\t\t\t<\/a><br \/>\n\t\t\t<a href=\"https:\/\/halkidikiyachts.com\/de\/destinations\/#Multi-day%20trips\"><br \/>\n\t\t\t\t\t\tMehrt\u00e4gige Ausfl\u00fcge<br \/>\n\t\t\t\t\t<\/a><br \/>\n\t\t\t<a href=\"https:\/\/halkidikiyachts.com\/de\/our-yachts\/\"><br \/>\n\t\t\t\t\t\tUnsere Yachten<br \/>\n\t\t\t\t\t<\/a><\/p>\n<h2>Tageskreuzfahrten<\/h2>\n<p><strong>F\u00fcr eine Tageskreuzfahrt<\/strong>\u00a0empfehlen wir entweder einen Ausflug nach \u201eMt. Athos-Halbinsel \u201c mit Blick auf die Kl\u00f6ster und den Berg Athos oder einen Ausflug nach Diaporos (Vourvourou) und \/ oder Ammouliani, Inseln mit landschaftlich reizvollen Landschaften, endlosen sonnigen Str\u00e4nden und kristallklarem Wasser, aus der N\u00e4he betrachten k\u00f6nnen.<\/p>\n<h2>Mehrt\u00e4gige Ausfl\u00fcge<\/h2>\n<p>F\u00fcr eine mehrt\u00e4gige Kreuzfahrt ist unser Personal gut vorbereitet und unsere Yachten sind f\u00fcr eine Reise in die n\u00f6rdlichen \u00c4g\u00e4is voll ger\u00fcstet. If you Eine Rundreise zur Halbinsel Chalkidiki oder Eine Tour zu den Inseln der Sporaden w\u00e4hlen, erleben Sie den Urlaub Ihrer Tr\u00e4ume sowohl durch die Besichtigung malerischer kosmopolitischer H\u00e4fen als auch durch das Ankern in wundersch\u00f6nen blauen Wasserbuchten.<\/p>\n<p>\t\t\t\t\t\t\t\t\t\t\t\t\t\t\t<img decoding=\"async\" src=\"https:\/\/halkidikiyachts.com\/wp-content\/uploads\/sites\/7\/elementor\/thumbs\/Mt-Athos-4-nyy23g9817ziyetlx7i2p7drtc0jgous4ccqkur1rs.jpg\" title=\"Mt-Athos-4\" alt=\"Mt-Athos-4\" loading=\"lazy\" \/><br \/>\n\t\t\t\t\t\t\t\t\t\t\t\t\t\t\t<img decoding=\"async\" src=\"https:\/\/halkidikiyachts.com\/wp-content\/uploads\/sites\/7\/elementor\/thumbs\/Sporades-Skopelos-nyy9zooanp2xphyg72iroh9mhv291r8rv64gv1bc8o.jpg\" title=\"Sporades-Skopelos\" alt=\"Sporades-Skopelos\" loading=\"lazy\" \/>\t\t\t\t\t\t\t\t\t\t\t\t\t\t\t<\/p>\n<h2>Erfahrung<\/h2>\n<p>Alternativ oder Kombination in den oben genannten M\u00f6glichkeiten can SIE erkunden die reiche Unterwasserwelt des Mittelmeers beim Schnorcheln und Tauchen oder das Tiefwasserfischen (f\u00fcr das ein bestimmtes Boot empfohlen und hoch ausgestattet ist) \u00fcben.<\/p>\n<p>\t\t\t<a href=\"https:\/\/halkidikiyachts.com\/de\/destinations\/\"><br \/>\n\t\t\t\t\t\tSehen Sie sich unsere Reiseziele an<br \/>\n\t\t\t\t\t<\/a><\/p>\n<figure><img decoding=\"async\" src=\"https:\/\/halkidikiyachts.com\/wp-content\/uploads\/sites\/7\/2018\/02\/DJI_0277-Large-square-768x768.jpg\" alt=\"DJI_0277 (Large square)\" \/><\/figure>\n<figure><img decoding=\"async\" src=\"https:\/\/halkidikiyachts.com\/wp-content\/uploads\/sites\/7\/2018\/12\/invictus-square-for-grid-768x768.jpg\" alt=\"invictus-square-for-grid\" \/><\/figure>\n<figure><img decoding=\"async\" src=\"https:\/\/halkidikiyachts.com\/wp-content\/uploads\/sites\/7\/2018\/08\/halkidiki-yacht-bertram-int-06-768x514.jpg\" alt=\"halkidiki-yacht-bertram-int-06\" \/><\/figure>\n<figure><img decoding=\"async\" src=\"https:\/\/halkidikiyachts.com\/wp-content\/uploads\/sites\/7\/2021\/06\/1104886-768x511.jpg\" alt=\"1104886\" \/><\/figure>\n<figure><img decoding=\"async\" src=\"https:\/\/halkidikiyachts.com\/wp-content\/uploads\/sites\/7\/2018\/11\/Drone-Invictus-5-768x512.jpg\" alt=\"Drone Invictus-5\" \/><\/figure>\n<figure><img decoding=\"async\" src=\"https:\/\/halkidikiyachts.com\/wp-content\/uploads\/sites\/7\/2018\/08\/halkidiki-yacht-bertram-ext-04-768x405.jpg\" alt=\"halkidiki-yacht-bertram-ext-04\" \/><\/figure>\n<figure><img decoding=\"async\" src=\"https:\/\/halkidikiyachts.com\/wp-content\/uploads\/sites\/7\/2018\/11\/invictus-square-for-grid-768x768.jpg\" alt=\"invictus-square\" \/><\/figure>\n<p>Stellen Sie sich eine abgeschiedene Anlegestelle vor, den Duft der Kiefern am Meeresufer, nur der Himmel und der Mond \u00fcber Ihnen, genie\u00dfen Sie nach einem n\u00e4chtlichen Bad ein herrliches Abendessen mit den besten Speisen und trinken Sie einen erlesenen Jahrgangswein.<\/p>\n<p>Das ist ein Leben jenseits der Alltagsgrenzen.<\/p>\n<p>\t\t\t<a href=\"https:\/\/halkidikiyachts.com\/de\/our-yachts\/\"><br \/>\n\t\t\t\t\t\tSehen Sie sich unsere Yachten an<br \/>\n\t\t\t\t\t<\/a><\/p>\n<h2>Unsere Yachten<\/h2>\n<p>\t\t\t\t\t\t\t\t\t\t\t\t\t\t\t\t<a href=\"https:\/\/halkidikiyachts.com\/de\/motor-yachts-de\/american-classic-bertram-flybridge\/\"><br \/>\n\t\t\t\t\t\t\t<img loading=\"lazy\" decoding=\"async\" width=\"800\" height=\"533\" src=\"https:\/\/halkidikiyachts.com\/wp-content\/uploads\/sites\/7\/2021\/06\/785520.jpg\" alt=\"\" loading=\"lazy\" srcset=\"https:\/\/halkidikiyachts.com\/wp-content\/uploads\/sites\/7\/2021\/06\/785520.jpg 868w, https:\/\/halkidikiyachts.com\/wp-content\/uploads\/sites\/7\/2021\/06\/785520-300x200.jpg 300w, https:\/\/halkidikiyachts.com\/wp-content\/uploads\/sites\/7\/2021\/06\/785520-768x511.jpg 768w, https:\/\/halkidikiyachts.com\/wp-content\/uploads\/sites\/7\/2021\/06\/785520-100x67.jpg 100w\" sizes=\"auto, (max-width: 800px) 100vw, 800px\" \/>\t\t\t\t\t\t\t\t<\/a><\/p>\n<h5><a href=\"https:\/\/halkidikiyachts.com\/de\/motor-yachts-de\/american-classic-bertram-flybridge\/\">&#8222;Invictus&#8220; 16m Bertram Convertible Flybridge, amerikanische Luxusyacht<\/a><\/h5>\n<h2>Vielen Dank f\u00fcr Ihre tollen Bewertungen<\/h2>\n<p>\t\t\t<a href=\"https:\/\/www.tripadvisor.com\/Attraction_Review-g1453719-d14407051-Reviews-Halkidiki_Yachts-Ormos_Panagias_Sithonia_Halkidiki_Region_Central_Macedonia.html\" target=\"_blank\" rel=\"noopener\"><br \/>\n\t\t\t\t\t\tBesuchen Sie unsere Trip Advisor-Seite<br \/>\n\t\t\t\t\t<\/a><br \/>\n\t\t\t\t\t\t\t\t\t\t\t\t\t\t\t<img loading=\"lazy\" decoding=\"async\" width=\"800\" height=\"458\" src=\"https:\/\/halkidikiyachts.com\/wp-content\/uploads\/sites\/7\/2022\/11\/zoom-DJI_0021-small-1-1024x586.jpg\" alt=\"\" loading=\"lazy\" srcset=\"https:\/\/halkidikiyachts.com\/wp-content\/uploads\/sites\/7\/2022\/11\/zoom-DJI_0021-small-1-1024x586.jpg 1024w, https:\/\/halkidikiyachts.com\/wp-content\/uploads\/sites\/7\/2022\/11\/zoom-DJI_0021-small-1-300x172.jpg 300w, https:\/\/halkidikiyachts.com\/wp-content\/uploads\/sites\/7\/2022\/11\/zoom-DJI_0021-small-1-768x440.jpg 768w, https:\/\/halkidikiyachts.com\/wp-content\/uploads\/sites\/7\/2022\/11\/zoom-DJI_0021-small-1-1536x879.jpg 1536w, https:\/\/halkidikiyachts.com\/wp-content\/uploads\/sites\/7\/2022\/11\/zoom-DJI_0021-small-1-2048x1172.jpg 2048w\" sizes=\"auto, (max-width: 800px) 100vw, 800px\" \/><br \/>\n\t\t\t\t\t\t\t\t\t\t\t\t\t\t\t<img loading=\"lazy\" decoding=\"async\" width=\"800\" height=\"597\" src=\"https:\/\/halkidikiyachts.com\/wp-content\/uploads\/sites\/7\/2022\/11\/A-PRIME-6-small-1-1024x764.jpg\" alt=\"\" loading=\"lazy\" srcset=\"https:\/\/halkidikiyachts.com\/wp-content\/uploads\/sites\/7\/2022\/11\/A-PRIME-6-small-1-1024x764.jpg 1024w, https:\/\/halkidikiyachts.com\/wp-content\/uploads\/sites\/7\/2022\/11\/A-PRIME-6-small-1-300x224.jpg 300w, https:\/\/halkidikiyachts.com\/wp-content\/uploads\/sites\/7\/2022\/11\/A-PRIME-6-small-1-768x573.jpg 768w, https:\/\/halkidikiyachts.com\/wp-content\/uploads\/sites\/7\/2022\/11\/A-PRIME-6-small-1-1536x1146.jpg 1536w, https:\/\/halkidikiyachts.com\/wp-content\/uploads\/sites\/7\/2022\/11\/A-PRIME-6-small-1-2048x1529.jpg 2048w\" sizes=\"auto, (max-width: 800px) 100vw, 800px\" \/><\/p>\n","protected":false},"excerpt":{"rendered":"<p>CHALKIDIKI YACHTEN Mieten Sie eine Yacht in Chalkidiki &#8211; Griechenland f\u00fcr Ihre private Kreuzfahrt! Mieten\u00a0Sie eine\u00a0Luxusyacht\u00a0und verbringen Sie einen unvergesslichen Tag auf See in\u00a0Chalkidiki\u00a0in\u00a0Griechenland. Chartern Sie eine unserer Motoryachten f\u00fcr bis zu 10 Personen oder beide Yachten zum Sonderpreis f\u00fcr Gruppen bis zu 20 Personen. Der erfahrene Kapit\u00e4n und die Crew begr\u00fc\u00dfen Sie an Bord [&hellip;]<\/p>\n","protected":false},"author":1,"featured_media":0,"parent":0,"menu_order":0,"comment_status":"closed","ping_status":"closed","template":"","meta":{"footnotes":""},"class_list":["post-1783","page","type-page","status-publish","hentry"],"yoast_head":"<!-- This site is optimized with the Yoast SEO Premium plugin v21.6 (Yoast SEO v27.5) - https:\/\/yoast.com\/product\/yoast-seo-premium-wordpress\/ -->\n<title>Luxusyachten mieten | Chalkidiki Griechenland | Motoryachten chartern | Tageskreuzfahrten<\/title>\n<meta name=\"description\" content=\"Mieten Sie eine Luxusyacht und verbringen Sie einen fantastischen Tag auf dem Wasser in Chalkidiki, Griechenland! Chartern Sie eine unserer Motoryachten f\u00fcr bis zu 10 Personen oder beide Yachten zum Sonderpreis f\u00fcr Gruppen bis 20 Personen.\" \/>\n<meta name=\"robots\" content=\"index, follow, max-snippet:-1, max-image-preview:large, max-video-preview:-1\" \/>\n<link rel=\"canonical\" href=\"https:\/\/halkidikiyachts.com\/de\/rent-luxury-yachts-halkidiki\/\" \/>\n<meta property=\"og:locale\" content=\"de_DE\" \/>\n<meta property=\"og:type\" content=\"article\" \/>\n<meta property=\"og:title\" content=\"Chalkidiki Yachten\" \/>\n<meta property=\"og:description\" content=\"Mieten Sie eine Luxusyacht und verbringen Sie einen fantastischen Tag auf dem Wasser in Chalkidiki, Griechenland! Chartern Sie eine unserer Motoryachten f\u00fcr bis zu 10 Personen oder beide Yachten zum Sonderpreis f\u00fcr Gruppen bis 20 Personen.\" \/>\n<meta property=\"og:url\" content=\"https:\/\/halkidikiyachts.com\/de\/rent-luxury-yachts-halkidiki\/\" \/>\n<meta property=\"og:site_name\" content=\"Halkidiki Yachts\" \/>\n<meta property=\"article:modified_time\" content=\"2024-01-04T11:58:10+00:00\" \/>\n<meta property=\"og:image\" content=\"https:\/\/halkidikiyachts.com\/wp-content\/uploads\/sites\/7\/2019\/08\/Halkidiki-yachts.jpg\" \/>\n\t<meta property=\"og:image:width\" content=\"1024\" \/>\n\t<meta property=\"og:image:height\" content=\"1024\" \/>\n\t<meta property=\"og:image:type\" content=\"image\/jpeg\" \/>\n<meta name=\"twitter:card\" content=\"summary_large_image\" \/>\n<meta name=\"twitter:label1\" content=\"Gesch\u00e4tzte Lesezeit\" \/>\n\t<meta name=\"twitter:data1\" content=\"2\u00a0Minuten\" \/>\n<script type=\"application\/ld+json\" class=\"yoast-schema-graph\">{\"@context\":\"https:\\\/\\\/schema.org\",\"@graph\":[{\"@type\":\"WebPage\",\"@id\":\"https:\\\/\\\/halkidikiyachts.com\\\/de\\\/rent-luxury-yachts-halkidiki\\\/\",\"url\":\"https:\\\/\\\/halkidikiyachts.com\\\/de\\\/rent-luxury-yachts-halkidiki\\\/\",\"name\":\"Luxusyachten mieten | Chalkidiki Griechenland | Motoryachten chartern | Tageskreuzfahrten\",\"isPartOf\":{\"@id\":\"https:\\\/\\\/halkidikiyachts.com\\\/#website\"},\"primaryImageOfPage\":{\"@id\":\"https:\\\/\\\/halkidikiyachts.com\\\/de\\\/rent-luxury-yachts-halkidiki\\\/#primaryimage\"},\"image\":{\"@id\":\"https:\\\/\\\/halkidikiyachts.com\\\/de\\\/rent-luxury-yachts-halkidiki\\\/#primaryimage\"},\"thumbnailUrl\":\"https:\\\/\\\/halkidikiyachts.com\\\/wp-content\\\/uploads\\\/sites\\\/7\\\/elementor\\\/thumbs\\\/Mt-Athos-4-nyy23g9817ziyetlx7i2p7drtc0jgous4ccqkur1rs.jpg\",\"datePublished\":\"2018-04-30T17:06:03+00:00\",\"dateModified\":\"2024-01-04T11:58:10+00:00\",\"description\":\"Mieten Sie eine Luxusyacht und verbringen Sie einen fantastischen Tag auf dem Wasser in Chalkidiki, Griechenland! Chartern Sie eine unserer Motoryachten f\u00fcr bis zu 10 Personen oder beide Yachten zum Sonderpreis f\u00fcr Gruppen bis 20 Personen.\",\"breadcrumb\":{\"@id\":\"https:\\\/\\\/halkidikiyachts.com\\\/de\\\/rent-luxury-yachts-halkidiki\\\/#breadcrumb\"},\"inLanguage\":\"de\",\"potentialAction\":[{\"@type\":\"ReadAction\",\"target\":[\"https:\\\/\\\/halkidikiyachts.com\\\/de\\\/rent-luxury-yachts-halkidiki\\\/\"]}]},{\"@type\":\"ImageObject\",\"inLanguage\":\"de\",\"@id\":\"https:\\\/\\\/halkidikiyachts.com\\\/de\\\/rent-luxury-yachts-halkidiki\\\/#primaryimage\",\"url\":\"https:\\\/\\\/halkidikiyachts.com\\\/wp-content\\\/uploads\\\/sites\\\/7\\\/elementor\\\/thumbs\\\/Mt-Athos-4-nyy23g9817ziyetlx7i2p7drtc0jgous4ccqkur1rs.jpg\",\"contentUrl\":\"https:\\\/\\\/halkidikiyachts.com\\\/wp-content\\\/uploads\\\/sites\\\/7\\\/elementor\\\/thumbs\\\/Mt-Athos-4-nyy23g9817ziyetlx7i2p7drtc0jgous4ccqkur1rs.jpg\"},{\"@type\":\"BreadcrumbList\",\"@id\":\"https:\\\/\\\/halkidikiyachts.com\\\/de\\\/rent-luxury-yachts-halkidiki\\\/#breadcrumb\",\"itemListElement\":[{\"@type\":\"ListItem\",\"position\":1,\"name\":\"Halkidiki Yachts\",\"item\":\"https:\\\/\\\/halkidikiyachts.com\\\/de\\\/rent-luxury-yachts-halkidiki\\\/\"},{\"@type\":\"ListItem\",\"position\":2,\"name\":\"Chalkidiki Yachten\"}]},{\"@type\":\"WebSite\",\"@id\":\"https:\\\/\\\/halkidikiyachts.com\\\/#website\",\"url\":\"https:\\\/\\\/halkidikiyachts.com\\\/\",\"name\":\"Halkidiki Yachts\",\"description\":\"\",\"potentialAction\":[{\"@type\":\"SearchAction\",\"target\":{\"@type\":\"EntryPoint\",\"urlTemplate\":\"https:\\\/\\\/halkidikiyachts.com\\\/?s={search_term_string}\"},\"query-input\":{\"@type\":\"PropertyValueSpecification\",\"valueRequired\":true,\"valueName\":\"search_term_string\"}}],\"inLanguage\":\"de\"}]}<\/script>\n<!-- \/ Yoast SEO Premium plugin. -->","yoast_head_json":{"title":"Luxusyachten mieten | Chalkidiki Griechenland | Motoryachten chartern | Tageskreuzfahrten","description":"Mieten Sie eine Luxusyacht und verbringen Sie einen fantastischen Tag auf dem Wasser in Chalkidiki, Griechenland! Chartern Sie eine unserer Motoryachten f\u00fcr bis zu 10 Personen oder beide Yachten zum Sonderpreis f\u00fcr Gruppen bis 20 Personen.","robots":{"index":"index","follow":"follow","max-snippet":"max-snippet:-1","max-image-preview":"max-image-preview:large","max-video-preview":"max-video-preview:-1"},"canonical":"https:\/\/halkidikiyachts.com\/de\/rent-luxury-yachts-halkidiki\/","og_locale":"de_DE","og_type":"article","og_title":"Chalkidiki Yachten","og_description":"Mieten Sie eine Luxusyacht und verbringen Sie einen fantastischen Tag auf dem Wasser in Chalkidiki, Griechenland! Chartern Sie eine unserer Motoryachten f\u00fcr bis zu 10 Personen oder beide Yachten zum Sonderpreis f\u00fcr Gruppen bis 20 Personen.","og_url":"https:\/\/halkidikiyachts.com\/de\/rent-luxury-yachts-halkidiki\/","og_site_name":"Halkidiki Yachts","article_modified_time":"2024-01-04T11:58:10+00:00","og_image":[{"width":1024,"height":1024,"url":"https:\/\/halkidikiyachts.com\/wp-content\/uploads\/sites\/7\/2019\/08\/Halkidiki-yachts.jpg","type":"image\/jpeg"}],"twitter_card":"summary_large_image","twitter_misc":{"Gesch\u00e4tzte Lesezeit":"2\u00a0Minuten"},"schema":{"@context":"https:\/\/schema.org","@graph":[{"@type":"WebPage","@id":"https:\/\/halkidikiyachts.com\/de\/rent-luxury-yachts-halkidiki\/","url":"https:\/\/halkidikiyachts.com\/de\/rent-luxury-yachts-halkidiki\/","name":"Luxusyachten mieten | Chalkidiki Griechenland | Motoryachten chartern | Tageskreuzfahrten","isPartOf":{"@id":"https:\/\/halkidikiyachts.com\/#website"},"primaryImageOfPage":{"@id":"https:\/\/halkidikiyachts.com\/de\/rent-luxury-yachts-halkidiki\/#primaryimage"},"image":{"@id":"https:\/\/halkidikiyachts.com\/de\/rent-luxury-yachts-halkidiki\/#primaryimage"},"thumbnailUrl":"https:\/\/halkidikiyachts.com\/wp-content\/uploads\/sites\/7\/elementor\/thumbs\/Mt-Athos-4-nyy23g9817ziyetlx7i2p7drtc0jgous4ccqkur1rs.jpg","datePublished":"2018-04-30T17:06:03+00:00","dateModified":"2024-01-04T11:58:10+00:00","description":"Mieten Sie eine Luxusyacht und verbringen Sie einen fantastischen Tag auf dem Wasser in Chalkidiki, Griechenland! Chartern Sie eine unserer Motoryachten f\u00fcr bis zu 10 Personen oder beide Yachten zum Sonderpreis f\u00fcr Gruppen bis 20 Personen.","breadcrumb":{"@id":"https:\/\/halkidikiyachts.com\/de\/rent-luxury-yachts-halkidiki\/#breadcrumb"},"inLanguage":"de","potentialAction":[{"@type":"ReadAction","target":["https:\/\/halkidikiyachts.com\/de\/rent-luxury-yachts-halkidiki\/"]}]},{"@type":"ImageObject","inLanguage":"de","@id":"https:\/\/halkidikiyachts.com\/de\/rent-luxury-yachts-halkidiki\/#primaryimage","url":"https:\/\/halkidikiyachts.com\/wp-content\/uploads\/sites\/7\/elementor\/thumbs\/Mt-Athos-4-nyy23g9817ziyetlx7i2p7drtc0jgous4ccqkur1rs.jpg","contentUrl":"https:\/\/halkidikiyachts.com\/wp-content\/uploads\/sites\/7\/elementor\/thumbs\/Mt-Athos-4-nyy23g9817ziyetlx7i2p7drtc0jgous4ccqkur1rs.jpg"},{"@type":"BreadcrumbList","@id":"https:\/\/halkidikiyachts.com\/de\/rent-luxury-yachts-halkidiki\/#breadcrumb","itemListElement":[{"@type":"ListItem","position":1,"name":"Halkidiki Yachts","item":"https:\/\/halkidikiyachts.com\/de\/rent-luxury-yachts-halkidiki\/"},{"@type":"ListItem","position":2,"name":"Chalkidiki Yachten"}]},{"@type":"WebSite","@id":"https:\/\/halkidikiyachts.com\/#website","url":"https:\/\/halkidikiyachts.com\/","name":"Halkidiki Yachts","description":"","potentialAction":[{"@type":"SearchAction","target":{"@type":"EntryPoint","urlTemplate":"https:\/\/halkidikiyachts.com\/?s={search_term_string}"},"query-input":{"@type":"PropertyValueSpecification","valueRequired":true,"valueName":"search_term_string"}}],"inLanguage":"de"}]}},"_links":{"self":[{"href":"https:\/\/halkidikiyachts.com\/de\/wp-json\/wp\/v2\/pages\/1783","targetHints":{"allow":["GET"]}}],"collection":[{"href":"https:\/\/halkidikiyachts.com\/de\/wp-json\/wp\/v2\/pages"}],"about":[{"href":"https:\/\/halkidikiyachts.com\/de\/wp-json\/wp\/v2\/types\/page"}],"author":[{"embeddable":true,"href":"https:\/\/halkidikiyachts.com\/de\/wp-json\/wp\/v2\/users\/1"}],"replies":[{"embeddable":true,"href":"https:\/\/halkidikiyachts.com\/de\/wp-json\/wp\/v2\/comments?post=1783"}],"version-history":[{"count":15,"href":"https:\/\/halkidikiyachts.com\/de\/wp-json\/wp\/v2\/pages\/1783\/revisions"}],"predecessor-version":[{"id":2823,"href":"https:\/\/halkidikiyachts.com\/de\/wp-json\/wp\/v2\/pages\/1783\/revisions\/2823"}],"wp:attachment":[{"href":"https:\/\/halkidikiyachts.com\/de\/wp-json\/wp\/v2\/media?parent=1783"}],"curies":[{"name":"wp","href":"https:\/\/api.w.org\/{rel}","templated":true}]}}