{"id":1771,"date":"2018-10-16T11:55:42","date_gmt":"2018-10-16T08:55:42","guid":{"rendered":"https:\/\/halkidikiyachts.com\/our-yachts\/"},"modified":"2023-01-24T12:09:30","modified_gmt":"2023-01-24T09:09:30","slug":"our-yachts","status":"publish","type":"page","link":"https:\/\/halkidikiyachts.com\/de\/our-yachts\/","title":{"rendered":"Unsere Yachten"},"content":{"rendered":"\t\t<div data-elementor-type=\"wp-page\" data-elementor-id=\"1771\" class=\"elementor elementor-1771 elementor-997\" data-elementor-post-type=\"page\">\n\t\t\t\t\t\t<section class=\"elementor-section elementor-top-section elementor-element elementor-element-aa00483 elementor-section-boxed elementor-section-height-default elementor-section-height-default\" data-id=\"aa00483\" data-element_type=\"section\" data-settings=\"{&quot;background_background&quot;:&quot;classic&quot;}\">\n\t\t\t\t\t\t<div class=\"elementor-container elementor-column-gap-default\">\n\t\t\t\t\t<div class=\"elementor-column elementor-col-100 elementor-top-column elementor-element elementor-element-96affbe\" data-id=\"96affbe\" data-element_type=\"column\">\n\t\t\t<div class=\"elementor-widget-wrap elementor-element-populated\">\n\t\t\t\t\t\t<div class=\"elementor-element elementor-element-f0931b9 elementor-widget elementor-widget-heading\" data-id=\"f0931b9\" data-element_type=\"widget\" data-widget_type=\"heading.default\">\n\t\t\t\t<div class=\"elementor-widget-container\">\n\t\t\t\t\t<h1 class=\"elementor-heading-title elementor-size-default\">Unsere Yachten<\/h1>\t\t\t\t<\/div>\n\t\t\t\t<\/div>\n\t\t\t\t<div class=\"elementor-element elementor-element-6933021 elementor-widget-divider--view-line elementor-widget elementor-widget-divider\" data-id=\"6933021\" data-element_type=\"widget\" data-widget_type=\"divider.default\">\n\t\t\t\t<div class=\"elementor-widget-container\">\n\t\t\t\t\t\t\t<div class=\"elementor-divider\">\n\t\t\t<span class=\"elementor-divider-separator\">\n\t\t\t\t\t\t<\/span>\n\t\t<\/div>\n\t\t\t\t\t\t<\/div>\n\t\t\t\t<\/div>\n\t\t\t\t\t<\/div>\n\t\t<\/div>\n\t\t\t\t\t<\/div>\n\t\t<\/section>\n\t\t\t\t<section class=\"elementor-section elementor-top-section elementor-element elementor-element-213866eb elementor-section-boxed elementor-section-height-default elementor-section-height-default\" data-id=\"213866eb\" data-element_type=\"section\" data-settings=\"{&quot;background_background&quot;:&quot;classic&quot;}\">\n\t\t\t\t\t\t<div class=\"elementor-container elementor-column-gap-default\">\n\t\t\t\t\t<div class=\"elementor-column elementor-col-100 elementor-top-column elementor-element elementor-element-39e322d9\" data-id=\"39e322d9\" data-element_type=\"column\">\n\t\t\t<div class=\"elementor-widget-wrap elementor-element-populated\">\n\t\t\t\t\t\t<div class=\"elementor-element elementor-element-01d4117 elementor-widget elementor-widget-text-editor\" data-id=\"01d4117\" data-element_type=\"widget\" data-widget_type=\"text-editor.default\">\n\t\t\t\t<div class=\"elementor-widget-container\">\n\t\t\t\t\t\t\t\t\t<div class=\"e997-9 x-text\">\n<p>Luxus, Komfort und Sicherheit haben auf unseren Yachten oberste Priorit\u00e4t.<br \/>\nChalkidiki Yachts ist Ihrem Vergn\u00fcgen gewidmet und sorgt f\u00fcr Ihren Genuss in diesem einzigartigen Sommerurlaubserlebnis.<br \/>\nKreuzfahrt mit uns!<\/p>\n<\/div>\n\t\t\t\t\t\t\t\t<\/div>\n\t\t\t\t<\/div>\n\t\t\t\t<section class=\"elementor-section elementor-inner-section elementor-element elementor-element-32fee3c8 elementor-section-boxed elementor-section-height-default elementor-section-height-default\" data-id=\"32fee3c8\" data-element_type=\"section\">\n\t\t\t\t\t\t<div class=\"elementor-container elementor-column-gap-no\">\n\t\t\t\t\t<div class=\"elementor-column elementor-col-100 elementor-inner-column elementor-element elementor-element-940e225\" data-id=\"940e225\" data-element_type=\"column\">\n\t\t\t<div class=\"elementor-widget-wrap elementor-element-populated\">\n\t\t\t\t\t\t<div class=\"elementor-element elementor-element-5227750e elementor-widget elementor-widget-image\" data-id=\"5227750e\" data-element_type=\"widget\" data-widget_type=\"image.default\">\n\t\t\t\t<div class=\"elementor-widget-container\">\n\t\t\t\t\t\t\t\t\t\t\t\t\t\t\t\t<a href=\"https:\/\/halkidikiyachts.com\/de\/motor-yachts-de\/american-classic-bertram-flybridge\/\">\n\t\t\t\t\t\t\t<img decoding=\"async\" src=\"https:\/\/halkidikiyachts.com\/wp-content\/uploads\/sites\/7\/elementor\/thumbs\/DJI_0277-Large-p82adxxp7z381r750bjdw81rvlv11a1yvsgaol8u40.jpg\" title=\"DJI_0277 (Large)\" alt=\"DJI_0277 (Large)\" class=\"elementor-animation-shrink\" loading=\"lazy\" \/>\t\t\t\t\t\t\t\t<\/a>\n\t\t\t\t\t\t\t\t\t\t\t\t\t\t\t<\/div>\n\t\t\t\t<\/div>\n\t\t\t\t<div class=\"elementor-element elementor-element-2129d29f elementor-widget elementor-widget-heading\" data-id=\"2129d29f\" data-element_type=\"widget\" data-widget_type=\"heading.default\">\n\t\t\t\t<div class=\"elementor-widget-container\">\n\t\t\t\t\t<h4 class=\"elementor-heading-title elementor-size-default\"><a href=\"https:\/\/halkidikiyachts.com\/de\/motor-yachts-de\/american-classic-bertram-flybridge\/\">\"Invictus\"<\/a><\/h4>\t\t\t\t<\/div>\n\t\t\t\t<\/div>\n\t\t\t\t<div class=\"elementor-element elementor-element-1f07af0d elementor-widget-divider--view-line elementor-widget elementor-widget-divider\" data-id=\"1f07af0d\" data-element_type=\"widget\" data-widget_type=\"divider.default\">\n\t\t\t\t<div class=\"elementor-widget-container\">\n\t\t\t\t\t\t\t<div class=\"elementor-divider\">\n\t\t\t<span class=\"elementor-divider-separator\">\n\t\t\t\t\t\t<\/span>\n\t\t<\/div>\n\t\t\t\t\t\t<\/div>\n\t\t\t\t<\/div>\n\t\t\t\t<div class=\"elementor-element elementor-element-11135ecb elementor-widget elementor-widget-text-editor\" data-id=\"11135ecb\" data-element_type=\"widget\" data-widget_type=\"text-editor.default\">\n\t\t\t\t<div class=\"elementor-widget-container\">\n\t\t\t\t\t\t\t\t\t<p>16m Bertram Convertible Flybridge, amerikanische Luxusyacht<\/p>\n\t\t\t\t\t\t\t\t<\/div>\n\t\t\t\t<\/div>\n\t\t\t\t<div class=\"elementor-element elementor-element-7fef619 elementor-align-center elementor-tablet-align-justify elementor-widget elementor-widget-button\" data-id=\"7fef619\" data-element_type=\"widget\" data-widget_type=\"button.default\">\n\t\t\t\t<div class=\"elementor-widget-container\">\n\t\t\t\t\t\t\t\t\t<div class=\"elementor-button-wrapper\">\n\t\t\t\t\t<a class=\"elementor-button elementor-button-link elementor-size-sm\" href=\"https:\/\/halkidikiyachts.com\/de\/motor-yachts-de\/american-classic-bertram-flybridge\/\">\n\t\t\t\t\t\t<span class=\"elementor-button-content-wrapper\">\n\t\t\t\t\t\t\t\t\t<span class=\"elementor-button-text\">Mehr<\/span>\n\t\t\t\t\t<\/span>\n\t\t\t\t\t<\/a>\n\t\t\t\t<\/div>\n\t\t\t\t\t\t\t\t<\/div>\n\t\t\t\t<\/div>\n\t\t\t\t\t<\/div>\n\t\t<\/div>\n\t\t\t\t\t<\/div>\n\t\t<\/section>\n\t\t\t\t\t<\/div>\n\t\t<\/div>\n\t\t\t\t\t<\/div>\n\t\t<\/section>\n\t\t\t\t<\/div>\n\t\t","protected":false},"excerpt":{"rendered":"<p>Unsere Yachten Luxus, Komfort und Sicherheit haben auf unseren Yachten oberste Priorit\u00e4t. Chalkidiki Yachts ist Ihrem Vergn\u00fcgen gewidmet und sorgt f\u00fcr Ihren Genuss in diesem einzigartigen Sommerurlaubserlebnis. Kreuzfahrt mit uns! &#8222;Invictus&#8220; 16m Bertram Convertible Flybridge, amerikanische Luxusyacht Mehr<\/p>\n","protected":false},"author":1,"featured_media":0,"parent":0,"menu_order":0,"comment_status":"closed","ping_status":"closed","template":"","meta":{"footnotes":""},"class_list":["post-1771","page","type-page","status-publish","hentry"],"yoast_head":"<!-- This site is optimized with the Yoast SEO Premium plugin v21.6 (Yoast SEO v27.3) - https:\/\/yoast.com\/product\/yoast-seo-premium-wordpress\/ -->\n<title>Unsere Yachten - Halkidiki Yachts<\/title>\n<meta name=\"robots\" content=\"index, follow, max-snippet:-1, max-image-preview:large, max-video-preview:-1\" \/>\n<link rel=\"canonical\" href=\"https:\/\/halkidikiyachts.com\/de\/our-yachts\/\" \/>\n<meta property=\"og:locale\" content=\"de_DE\" \/>\n<meta property=\"og:type\" content=\"article\" \/>\n<meta property=\"og:title\" content=\"Unsere Yachten\" \/>\n<meta property=\"og:description\" content=\"Unsere Yachten Luxus, Komfort und Sicherheit haben auf unseren Yachten oberste Priorit\u00e4t. Chalkidiki Yachts ist Ihrem Vergn\u00fcgen gewidmet und sorgt f\u00fcr Ihren Genuss in diesem einzigartigen Sommerurlaubserlebnis. Kreuzfahrt mit uns! &#8222;Invictus&#8220; 16m Bertram Convertible Flybridge, amerikanische Luxusyacht Mehr\" \/>\n<meta property=\"og:url\" content=\"https:\/\/halkidikiyachts.com\/de\/our-yachts\/\" \/>\n<meta property=\"og:site_name\" content=\"Halkidiki Yachts\" \/>\n<meta property=\"article:modified_time\" content=\"2023-01-24T09:09:30+00:00\" \/>\n<meta property=\"og:image\" content=\"https:\/\/halkidikiyachts.com\/wp-content\/uploads\/sites\/7\/elementor\/thumbs\/DJI_0277-Large-p82adxxp7z381r750bjdw81rvlv11a1yvsgaol8u40.jpg\" \/>\n<meta name=\"twitter:card\" content=\"summary_large_image\" \/>\n<script type=\"application\/ld+json\" class=\"yoast-schema-graph\">{\"@context\":\"https:\\\/\\\/schema.org\",\"@graph\":[{\"@type\":\"WebPage\",\"@id\":\"https:\\\/\\\/halkidikiyachts.com\\\/de\\\/our-yachts\\\/\",\"url\":\"https:\\\/\\\/halkidikiyachts.com\\\/de\\\/our-yachts\\\/\",\"name\":\"Unsere Yachten - Halkidiki Yachts\",\"isPartOf\":{\"@id\":\"https:\\\/\\\/halkidikiyachts.com\\\/#website\"},\"primaryImageOfPage\":{\"@id\":\"https:\\\/\\\/halkidikiyachts.com\\\/de\\\/our-yachts\\\/#primaryimage\"},\"image\":{\"@id\":\"https:\\\/\\\/halkidikiyachts.com\\\/de\\\/our-yachts\\\/#primaryimage\"},\"thumbnailUrl\":\"https:\\\/\\\/halkidikiyachts.com\\\/wp-content\\\/uploads\\\/sites\\\/7\\\/elementor\\\/thumbs\\\/DJI_0277-Large-p82adxxp7z381r750bjdw81rvlv11a1yvsgaol8u40.jpg\",\"datePublished\":\"2018-10-16T08:55:42+00:00\",\"dateModified\":\"2023-01-24T09:09:30+00:00\",\"breadcrumb\":{\"@id\":\"https:\\\/\\\/halkidikiyachts.com\\\/de\\\/our-yachts\\\/#breadcrumb\"},\"inLanguage\":\"de\",\"potentialAction\":[{\"@type\":\"ReadAction\",\"target\":[\"https:\\\/\\\/halkidikiyachts.com\\\/de\\\/our-yachts\\\/\"]}]},{\"@type\":\"ImageObject\",\"inLanguage\":\"de\",\"@id\":\"https:\\\/\\\/halkidikiyachts.com\\\/de\\\/our-yachts\\\/#primaryimage\",\"url\":\"https:\\\/\\\/halkidikiyachts.com\\\/wp-content\\\/uploads\\\/sites\\\/7\\\/elementor\\\/thumbs\\\/DJI_0277-Large-p82adxxp7z381r750bjdw81rvlv11a1yvsgaol8u40.jpg\",\"contentUrl\":\"https:\\\/\\\/halkidikiyachts.com\\\/wp-content\\\/uploads\\\/sites\\\/7\\\/elementor\\\/thumbs\\\/DJI_0277-Large-p82adxxp7z381r750bjdw81rvlv11a1yvsgaol8u40.jpg\"},{\"@type\":\"BreadcrumbList\",\"@id\":\"https:\\\/\\\/halkidikiyachts.com\\\/de\\\/our-yachts\\\/#breadcrumb\",\"itemListElement\":[{\"@type\":\"ListItem\",\"position\":1,\"name\":\"Halkidiki Yachts\",\"item\":\"https:\\\/\\\/halkidikiyachts.com\\\/de\\\/rent-luxury-yachts-halkidiki\\\/\"},{\"@type\":\"ListItem\",\"position\":2,\"name\":\"Unsere Yachten\"}]},{\"@type\":\"WebSite\",\"@id\":\"https:\\\/\\\/halkidikiyachts.com\\\/#website\",\"url\":\"https:\\\/\\\/halkidikiyachts.com\\\/\",\"name\":\"Halkidiki Yachts\",\"description\":\"\",\"potentialAction\":[{\"@type\":\"SearchAction\",\"target\":{\"@type\":\"EntryPoint\",\"urlTemplate\":\"https:\\\/\\\/halkidikiyachts.com\\\/?s={search_term_string}\"},\"query-input\":{\"@type\":\"PropertyValueSpecification\",\"valueRequired\":true,\"valueName\":\"search_term_string\"}}],\"inLanguage\":\"de\"}]}<\/script>\n<!-- \/ Yoast SEO Premium plugin. -->","yoast_head_json":{"title":"Unsere Yachten - Halkidiki Yachts","robots":{"index":"index","follow":"follow","max-snippet":"max-snippet:-1","max-image-preview":"max-image-preview:large","max-video-preview":"max-video-preview:-1"},"canonical":"https:\/\/halkidikiyachts.com\/de\/our-yachts\/","og_locale":"de_DE","og_type":"article","og_title":"Unsere Yachten","og_description":"Unsere Yachten Luxus, Komfort und Sicherheit haben auf unseren Yachten oberste Priorit\u00e4t. Chalkidiki Yachts ist Ihrem Vergn\u00fcgen gewidmet und sorgt f\u00fcr Ihren Genuss in diesem einzigartigen Sommerurlaubserlebnis. Kreuzfahrt mit uns! &#8222;Invictus&#8220; 16m Bertram Convertible Flybridge, amerikanische Luxusyacht Mehr","og_url":"https:\/\/halkidikiyachts.com\/de\/our-yachts\/","og_site_name":"Halkidiki Yachts","article_modified_time":"2023-01-24T09:09:30+00:00","og_image":[{"url":"https:\/\/halkidikiyachts.com\/wp-content\/uploads\/sites\/7\/elementor\/thumbs\/DJI_0277-Large-p82adxxp7z381r750bjdw81rvlv11a1yvsgaol8u40.jpg","type":"","width":"","height":""}],"twitter_card":"summary_large_image","schema":{"@context":"https:\/\/schema.org","@graph":[{"@type":"WebPage","@id":"https:\/\/halkidikiyachts.com\/de\/our-yachts\/","url":"https:\/\/halkidikiyachts.com\/de\/our-yachts\/","name":"Unsere Yachten - Halkidiki Yachts","isPartOf":{"@id":"https:\/\/halkidikiyachts.com\/#website"},"primaryImageOfPage":{"@id":"https:\/\/halkidikiyachts.com\/de\/our-yachts\/#primaryimage"},"image":{"@id":"https:\/\/halkidikiyachts.com\/de\/our-yachts\/#primaryimage"},"thumbnailUrl":"https:\/\/halkidikiyachts.com\/wp-content\/uploads\/sites\/7\/elementor\/thumbs\/DJI_0277-Large-p82adxxp7z381r750bjdw81rvlv11a1yvsgaol8u40.jpg","datePublished":"2018-10-16T08:55:42+00:00","dateModified":"2023-01-24T09:09:30+00:00","breadcrumb":{"@id":"https:\/\/halkidikiyachts.com\/de\/our-yachts\/#breadcrumb"},"inLanguage":"de","potentialAction":[{"@type":"ReadAction","target":["https:\/\/halkidikiyachts.com\/de\/our-yachts\/"]}]},{"@type":"ImageObject","inLanguage":"de","@id":"https:\/\/halkidikiyachts.com\/de\/our-yachts\/#primaryimage","url":"https:\/\/halkidikiyachts.com\/wp-content\/uploads\/sites\/7\/elementor\/thumbs\/DJI_0277-Large-p82adxxp7z381r750bjdw81rvlv11a1yvsgaol8u40.jpg","contentUrl":"https:\/\/halkidikiyachts.com\/wp-content\/uploads\/sites\/7\/elementor\/thumbs\/DJI_0277-Large-p82adxxp7z381r750bjdw81rvlv11a1yvsgaol8u40.jpg"},{"@type":"BreadcrumbList","@id":"https:\/\/halkidikiyachts.com\/de\/our-yachts\/#breadcrumb","itemListElement":[{"@type":"ListItem","position":1,"name":"Halkidiki Yachts","item":"https:\/\/halkidikiyachts.com\/de\/rent-luxury-yachts-halkidiki\/"},{"@type":"ListItem","position":2,"name":"Unsere Yachten"}]},{"@type":"WebSite","@id":"https:\/\/halkidikiyachts.com\/#website","url":"https:\/\/halkidikiyachts.com\/","name":"Halkidiki Yachts","description":"","potentialAction":[{"@type":"SearchAction","target":{"@type":"EntryPoint","urlTemplate":"https:\/\/halkidikiyachts.com\/?s={search_term_string}"},"query-input":{"@type":"PropertyValueSpecification","valueRequired":true,"valueName":"search_term_string"}}],"inLanguage":"de"}]}},"_links":{"self":[{"href":"https:\/\/halkidikiyachts.com\/de\/wp-json\/wp\/v2\/pages\/1771","targetHints":{"allow":["GET"]}}],"collection":[{"href":"https:\/\/halkidikiyachts.com\/de\/wp-json\/wp\/v2\/pages"}],"about":[{"href":"https:\/\/halkidikiyachts.com\/de\/wp-json\/wp\/v2\/types\/page"}],"author":[{"embeddable":true,"href":"https:\/\/halkidikiyachts.com\/de\/wp-json\/wp\/v2\/users\/1"}],"replies":[{"embeddable":true,"href":"https:\/\/halkidikiyachts.com\/de\/wp-json\/wp\/v2\/comments?post=1771"}],"version-history":[{"count":15,"href":"https:\/\/halkidikiyachts.com\/de\/wp-json\/wp\/v2\/pages\/1771\/revisions"}],"predecessor-version":[{"id":2715,"href":"https:\/\/halkidikiyachts.com\/de\/wp-json\/wp\/v2\/pages\/1771\/revisions\/2715"}],"wp:attachment":[{"href":"https:\/\/halkidikiyachts.com\/de\/wp-json\/wp\/v2\/media?parent=1771"}],"curies":[{"name":"wp","href":"https:\/\/api.w.org\/{rel}","templated":true}]}}